{"id":747,"date":"2020-05-08T09:21:43","date_gmt":"2020-05-08T07:21:43","guid":{"rendered":"http:\/\/www.luna.com.hr\/?page_id=747"},"modified":"2023-10-17T09:21:02","modified_gmt":"2023-10-17T07:21:02","slug":"repertoar","status":"publish","type":"page","link":"https:\/\/www.luna.com.hr\/?page_id=747","title":{"rendered":"Repertoar"},"content":{"rendered":"<ul style=\"padding-left: 1.1em; text-align: left; --ub-list-item-icon-top: 3px;; --ub-list-item-icon-size: 0.9em; --ub-list-item-background-image: url('data:image\/svg+xml;utf8,&lt;svg xmlns=&quot;http:\/\/www.w3.org\/2000\/svg&quot; viewBox=&quot;0 0 512 512&quot;&gt;&lt;path fill=&quot;%23000000&quot; d=&quot;M470.6 105.4c12.5 12.5 12.5 32.8 0 45.3l-256 256c-12.5 12.5-32.8 12.5-45.3 0l-128-128c-12.5-12.5-12.5-32.8 0-45.3s32.8-12.5 45.3 0L192 338.7 425.4 105.4c12.5-12.5 32.8-12.5 45.3 0z&quot;&gt;&lt;\/path&gt;&lt;\/svg&gt;'); --ub-list-item-fa-li-top: 3px; --ub-list-item-spacing: 0px; \" class=\"wp-block-ub-styled-list ub_styled_list\" id=\"ub_styled_list-29c4b010-0de8-4d4d-a48b-4be697ad3e20\"><div class=\"ub-block-list__layout\" style=\"text-align: left; column-count: 1; --ub-list-mobile-column-count: 1; \">\n<li class=\"ub_styled_list_item\" style=\"--ub-list-item-icon-top: 3px; --ub-list-item-icon-size: 0.9em; --ub-list-item-background-image: url('data:image\/svg+xml;utf8,&lt;svg xmlns=&quot;http:\/\/www.w3.org\/2000\/svg&quot; viewBox=&quot;0 0 512 512&quot;&gt;&lt;path fill=&quot;%23000000&quot; d=&quot;M470.6 105.4c12.5 12.5 12.5 32.8 0 45.3l-256 256c-12.5 12.5-32.8 12.5-45.3 0l-128-128c-12.5-12.5-12.5-32.8 0-45.3s32.8-12.5 45.3 0L192 338.7 425.4 105.4c12.5-12.5 32.8-12.5 45.3 0z&quot;&gt;&lt;\/path&gt;&lt;\/svg&gt;'); \" id=\"ub-styled-list-item-ec3d0bd4-7154-426b-a8b0-d158ae81068f\">\n\t\t\t<div class=\"ub_list_item_content\">\n\t\t\t\t<span class=\"ub_list_item_icon\">\n\t\t\t\t\t<svg width=\"0.9em\" height=\"0.9em\" xmlns=\"http:\/\/www.w3.org\/2000\/svg\" viewbox=\"0 0 512 512\"><path fill=\"#000000\" d=\"M470.6 105.4c12.5 12.5 12.5 32.8 0 45.3l-256 256c-12.5 12.5-32.8 12.5-45.3 0l-128-128c-12.5-12.5-12.5-32.8 0-45.3s32.8-12.5 45.3 0L192 338.7 425.4 105.4c12.5-12.5 32.8-12.5 45.3 0z\"><\/path><\/svg>\n\t\t\t\t<\/span>\n\t\t\t\t<span class=\"ub_list_item_text\"><\/span>\n\t\t\t<\/div>\n\t\t\t\n\t\t<\/li>\n<\/div><\/ul>\n\n\n<p>Luna band ima vrlo \u0161irok repertoar od stranih, zabavnih, tambura\u0161kih, starogradskih do narodnih pjesama kako bi zadovoljili zahtjeve svih na\u0161ih slu\u0161atelja. Ovdje \u0107emo poku\u0161ati izdvojiti neke kategorije i izvo\u0111a\u010de koji se nalaze u na\u0161em repertoaru.<\/p>\n\n\n\n<p>Naravno da je repertoara puno vi\u0161e nego se nalazi ovdje na stranici, te moramo napomenuti da se on svakim danom pove\u0107ava u vidu novih pjesama koje se pojavljuju.<\/p>\n\n\n\n<p>Konstantno pratimo \u0161to se zbiva na estradi i Luna band je uvijek u trendu, a neke stvari koje su stare i nismo ih godinama svirali polako izbacujemo iz repertoara.<\/p>\n","protected":false},"excerpt":{"rendered":"<p>Luna band ima vrlo \u0161irok repertoar od stranih, zabavnih, tambura\u0161kih, starogradskih do narodnih pjesama kako bi zadovoljili zahtjeve svih na\u0161ih slu\u0161atelja. Ovdje \u0107emo poku\u0161ati izdvojiti neke kategorije i izvo\u0111a\u010de koji se nalaze u na\u0161em repertoaru. Naravno da je repertoara puno vi\u0161e nego se nalazi ovdje na stranici, te moramo napomenuti da se on svakim danom &hellip; <\/p>\n<p class=\"link-more\"><a href=\"https:\/\/www.luna.com.hr\/?page_id=747\" class=\"more-link\">Continue reading<span class=\"screen-reader-text\"> &#8220;Repertoar&#8221;<\/span><\/a><\/p>\n","protected":false},"author":2,"featured_media":840,"parent":0,"menu_order":0,"comment_status":"closed","ping_status":"closed","template":"","meta":{"_regular_price":[],"currency_symbol":[],"_monsterinsights_skip_tracking":false,"_monsterinsights_sitenote_active":false,"_monsterinsights_sitenote_note":"","_monsterinsights_sitenote_category":0,"footnotes":""},"class_list":["post-747","page","type-page","status-publish","has-post-thumbnail","hentry"],"featured_image_src":"https:\/\/www.luna.com.hr\/wp-content\/uploads\/2020\/05\/Baner4.jpg","aioseo_notices":[],"post_slider_layout_featured_media_urls":{"thumbnail":["https:\/\/www.luna.com.hr\/wp-content\/uploads\/2020\/05\/Baner4.jpg",80,40,false],"post_slider_layout_landscape_large":["https:\/\/www.luna.com.hr\/wp-content\/uploads\/2020\/05\/Baner4.jpg",1200,600,false],"post_slider_layout_portrait_large":["https:\/\/www.luna.com.hr\/wp-content\/uploads\/2020\/05\/Baner4.jpg",1200,600,false],"post_slider_layout_square_large":["https:\/\/www.luna.com.hr\/wp-content\/uploads\/2020\/05\/Baner4.jpg",1200,600,false],"post_slider_layout_landscape":["https:\/\/www.luna.com.hr\/wp-content\/uploads\/2020\/05\/Baner4.jpg",600,300,false],"post_slider_layout_portrait":["https:\/\/www.luna.com.hr\/wp-content\/uploads\/2020\/05\/Baner4.jpg",600,300,false],"post_slider_layout_square":["https:\/\/www.luna.com.hr\/wp-content\/uploads\/2020\/05\/Baner4.jpg",600,300,false],"full":["https:\/\/www.luna.com.hr\/wp-content\/uploads\/2020\/05\/Baner4.jpg",1500,750,false]},"_links":{"self":[{"href":"https:\/\/www.luna.com.hr\/index.php?rest_route=\/wp\/v2\/pages\/747","targetHints":{"allow":["GET"]}}],"collection":[{"href":"https:\/\/www.luna.com.hr\/index.php?rest_route=\/wp\/v2\/pages"}],"about":[{"href":"https:\/\/www.luna.com.hr\/index.php?rest_route=\/wp\/v2\/types\/page"}],"author":[{"embeddable":true,"href":"https:\/\/www.luna.com.hr\/index.php?rest_route=\/wp\/v2\/users\/2"}],"replies":[{"embeddable":true,"href":"https:\/\/www.luna.com.hr\/index.php?rest_route=%2Fwp%2Fv2%2Fcomments&post=747"}],"version-history":[{"count":19,"href":"https:\/\/www.luna.com.hr\/index.php?rest_route=\/wp\/v2\/pages\/747\/revisions"}],"predecessor-version":[{"id":1297,"href":"https:\/\/www.luna.com.hr\/index.php?rest_route=\/wp\/v2\/pages\/747\/revisions\/1297"}],"wp:featuredmedia":[{"embeddable":true,"href":"https:\/\/www.luna.com.hr\/index.php?rest_route=\/wp\/v2\/media\/840"}],"wp:attachment":[{"href":"https:\/\/www.luna.com.hr\/index.php?rest_route=%2Fwp%2Fv2%2Fmedia&parent=747"}],"curies":[{"name":"wp","href":"https:\/\/api.w.org\/{rel}","templated":true}]}}