{"id":1359,"date":"2023-10-19T12:46:20","date_gmt":"2023-10-19T10:46:20","guid":{"rendered":"https:\/\/www.luna.com.hr\/?page_id=1359"},"modified":"2023-10-20T08:11:49","modified_gmt":"2023-10-20T06:11:49","slug":"reference-2","status":"publish","type":"page","link":"https:\/\/www.luna.com.hr\/?page_id=1359","title":{"rendered":"Reference"},"content":{"rendered":"\n<div class=\"wp-block-media-text is-stacked-on-mobile\" style=\"grid-template-columns:30% auto\"><figure class=\"wp-block-media-text__media\"><img loading=\"lazy\" decoding=\"async\" width=\"1030\" height=\"618\" src=\"https:\/\/www.luna.com.hr\/wp-content\/uploads\/2015\/01\/cropped-Baner-1030x618.jpg\" alt=\"\" class=\"wp-image-965 size-full\" srcset=\"https:\/\/www.luna.com.hr\/wp-content\/uploads\/2015\/01\/cropped-Baner-1030x618.jpg 1030w, https:\/\/www.luna.com.hr\/wp-content\/uploads\/2015\/01\/cropped-Baner-600x360.jpg 600w, https:\/\/www.luna.com.hr\/wp-content\/uploads\/2015\/01\/cropped-Baner-300x180.jpg 300w, https:\/\/www.luna.com.hr\/wp-content\/uploads\/2015\/01\/cropped-Baner-768x461.jpg 768w, https:\/\/www.luna.com.hr\/wp-content\/uploads\/2015\/01\/cropped-Baner-1536x922.jpg 1536w, https:\/\/www.luna.com.hr\/wp-content\/uploads\/2015\/01\/cropped-Baner.jpg 2000w\" sizes=\"auto, (max-width: 1030px) 100vw, 1030px\" \/><\/figure><div class=\"wp-block-media-text__content\">\n<p>Pogledajte gdje i za koga smo sve svirali kroz ovaj dugi niz godina. Vjerujemo kako su ove reference dokaz kvalitete, dugovje\u010dnosti i odli\u010dno odra\u0111enih svadbenih sve\u010danosti, evenata, ga\u017ea&#8230;<\/p>\n<\/div><\/div>\n\n\n\n<figure class=\"wp-block-table\"><table><tbody><tr><td class=\"has-text-align-center\" data-align=\"center\"><img loading=\"lazy\" decoding=\"async\" width=\"150\" height=\"150\" class=\"wp-image-817\" style=\"width: 150px;\" src=\"https:\/\/www.luna.com.hr\/wp-content\/uploads\/2020\/05\/Sheraton.jpg\" alt=\"\" srcset=\"https:\/\/www.luna.com.hr\/wp-content\/uploads\/2020\/05\/Sheraton.jpg 900w, https:\/\/www.luna.com.hr\/wp-content\/uploads\/2020\/05\/Sheraton-300x300.jpg 300w, https:\/\/www.luna.com.hr\/wp-content\/uploads\/2020\/05\/Sheraton-100x100.jpg 100w, https:\/\/www.luna.com.hr\/wp-content\/uploads\/2020\/05\/Sheraton-600x600.jpg 600w\" sizes=\"auto, (max-width: 150px) 100vw, 150px\" \/><\/td><td class=\"has-text-align-center\" data-align=\"center\"><img loading=\"lazy\" decoding=\"async\" width=\"150\" height=\"150\" class=\"wp-image-815\" style=\"width: 150px;\" src=\"https:\/\/www.luna.com.hr\/wp-content\/uploads\/2020\/05\/Panorama.png\" alt=\"\" srcset=\"https:\/\/www.luna.com.hr\/wp-content\/uploads\/2020\/05\/Panorama.png 200w, https:\/\/www.luna.com.hr\/wp-content\/uploads\/2020\/05\/Panorama-100x100.png 100w\" sizes=\"auto, (max-width: 150px) 100vw, 150px\" \/><\/td><td class=\"has-text-align-center\" data-align=\"center\"><img loading=\"lazy\" decoding=\"async\" width=\"150\" height=\"150\" class=\"wp-image-820\" style=\"width: 150px;\" src=\"https:\/\/www.luna.com.hr\/wp-content\/uploads\/2020\/05\/Vrtovi-sunca.png\" alt=\"\" srcset=\"https:\/\/www.luna.com.hr\/wp-content\/uploads\/2020\/05\/Vrtovi-sunca.png 220w, https:\/\/www.luna.com.hr\/wp-content\/uploads\/2020\/05\/Vrtovi-sunca-100x100.png 100w\" sizes=\"auto, (max-width: 150px) 100vw, 150px\" \/><\/td><td class=\"has-text-align-center\" data-align=\"center\"><img loading=\"lazy\" decoding=\"async\" width=\"150\" height=\"156\" class=\"wp-image-811\" style=\"width: 150px;\" src=\"https:\/\/www.luna.com.hr\/wp-content\/uploads\/2020\/05\/Golf.jpg\" alt=\"\"><\/td><td class=\"has-text-align-center\" data-align=\"center\"><img loading=\"lazy\" decoding=\"async\" width=\"150\" height=\"150\" class=\"wp-image-788\" style=\"width: 150px;\" src=\"https:\/\/www.luna.com.hr\/wp-content\/uploads\/2020\/05\/terme_tuhelj_luna_logo.gif\" alt=\"\" srcset=\"https:\/\/www.luna.com.hr\/wp-content\/uploads\/2020\/05\/terme_tuhelj_luna_logo.gif 240w, https:\/\/www.luna.com.hr\/wp-content\/uploads\/2020\/05\/terme_tuhelj_luna_logo-100x100.gif 100w\" sizes=\"auto, (max-width: 150px) 100vw, 150px\" \/><\/td><\/tr><tr><td class=\"has-text-align-center\" data-align=\"center\"><img loading=\"lazy\" decoding=\"async\" width=\"150\" height=\"106\" class=\"wp-image-821\" style=\"width: 150px;\" src=\"https:\/\/www.luna.com.hr\/wp-content\/uploads\/2020\/05\/Zabok.png\" alt=\"\"><\/td><td class=\"has-text-align-center\" data-align=\"center\"><img loading=\"lazy\" decoding=\"async\" width=\"150\" height=\"84\" class=\"wp-image-810\" style=\"width: 150px;\" src=\"https:\/\/www.luna.com.hr\/wp-content\/uploads\/2020\/05\/Blue-sun.png\" alt=\"\"><\/td><td class=\"has-text-align-center\" data-align=\"center\"><img loading=\"lazy\" decoding=\"async\" width=\"150\" height=\"113\" class=\"wp-image-1364\" style=\"width: 150px;\" src=\"https:\/\/www.luna.com.hr\/wp-content\/uploads\/2023\/10\/Kraljev-Vrh.jpg\" alt=\"\"><\/td><td class=\"has-text-align-center\" data-align=\"center\"><img loading=\"lazy\" decoding=\"async\" width=\"150\" height=\"87\" class=\"wp-image-774\" style=\"width: 150px;\" src=\"https:\/\/www.luna.com.hr\/wp-content\/uploads\/2020\/05\/Olimia.png\" alt=\"\"><\/td><td class=\"has-text-align-center\" data-align=\"center\"><img loading=\"lazy\" decoding=\"async\" width=\"150\" height=\"93\" class=\"wp-image-772\" style=\"width: 150px;\" src=\"https:\/\/www.luna.com.hr\/wp-content\/uploads\/2020\/05\/Jezer\u010dica.png\" alt=\"\"><\/td><\/tr><tr><td class=\"has-text-align-center\" data-align=\"center\"><img loading=\"lazy\" decoding=\"async\" width=\"150\" height=\"50\" class=\"wp-image-770\" style=\"width: 150px;\" src=\"https:\/\/www.luna.com.hr\/wp-content\/uploads\/2020\/05\/corberone.png\" alt=\"\"><\/td><td class=\"has-text-align-center\" data-align=\"center\"><img loading=\"lazy\" decoding=\"async\" width=\"150\" height=\"75\" class=\"wp-image-809\" style=\"width: 150px;\" src=\"https:\/\/www.luna.com.hr\/wp-content\/uploads\/2020\/05\/Antunovi\u0107.png\" alt=\"\"><\/td><td class=\"has-text-align-center\" data-align=\"center\"><img loading=\"lazy\" decoding=\"async\" width=\"150\" height=\"144\" class=\"wp-image-773\" style=\"width: 150px;\" src=\"https:\/\/www.luna.com.hr\/wp-content\/uploads\/2020\/05\/matija-gubec.png\" alt=\"\"><\/td><td class=\"has-text-align-center\" data-align=\"center\"><img loading=\"lazy\" decoding=\"async\" width=\"150\" height=\"84\" class=\"wp-image-818\" style=\"width: 150px;\" src=\"https:\/\/www.luna.com.hr\/wp-content\/uploads\/2020\/05\/\u0160umska-vila.jpg\" alt=\"\"><\/td><td class=\"has-text-align-center\" data-align=\"center\"><img loading=\"lazy\" decoding=\"async\" width=\"150\" height=\"90\" class=\"wp-image-819\" style=\"width: 150px;\" src=\"https:\/\/www.luna.com.hr\/wp-content\/uploads\/2020\/05\/TPZ.jpg\" alt=\"\"><\/td><\/tr><tr><td class=\"has-text-align-center\" data-align=\"center\"><img loading=\"lazy\" decoding=\"async\" width=\"150\" height=\"150\" class=\"wp-image-814\" style=\"width: 150px;\" src=\"https:\/\/www.luna.com.hr\/wp-content\/uploads\/2020\/05\/Kavana-Ivana.jpg\" alt=\"\" srcset=\"https:\/\/www.luna.com.hr\/wp-content\/uploads\/2020\/05\/Kavana-Ivana.jpg 225w, https:\/\/www.luna.com.hr\/wp-content\/uploads\/2020\/05\/Kavana-Ivana-100x100.jpg 100w\" sizes=\"auto, (max-width: 150px) 100vw, 150px\" \/><\/td><td class=\"has-text-align-center\" data-align=\"center\"><img loading=\"lazy\" decoding=\"async\" width=\"150\" height=\"38\" class=\"wp-image-813\" style=\"width: 150px;\" src=\"https:\/\/www.luna.com.hr\/wp-content\/uploads\/2020\/05\/Ilir-bar.png\" alt=\"\"><\/td><td class=\"has-text-align-center\" data-align=\"center\"><img loading=\"lazy\" decoding=\"async\" width=\"150\" height=\"150\" class=\"wp-image-1372\" style=\"width: 150px;\" src=\"https:\/\/www.luna.com.hr\/wp-content\/uploads\/2023\/10\/Restoran-As.jpg\" alt=\"\" srcset=\"https:\/\/www.luna.com.hr\/wp-content\/uploads\/2023\/10\/Restoran-As.jpg 788w, https:\/\/www.luna.com.hr\/wp-content\/uploads\/2023\/10\/Restoran-As-300x300.jpg 300w, https:\/\/www.luna.com.hr\/wp-content\/uploads\/2023\/10\/Restoran-As-80x80.jpg 80w, https:\/\/www.luna.com.hr\/wp-content\/uploads\/2023\/10\/Restoran-As-768x769.jpg 768w, https:\/\/www.luna.com.hr\/wp-content\/uploads\/2023\/10\/Restoran-As-600x601.jpg 600w, https:\/\/www.luna.com.hr\/wp-content\/uploads\/2023\/10\/Restoran-As-100x100.jpg 100w, https:\/\/www.luna.com.hr\/wp-content\/uploads\/2023\/10\/Restoran-As-50x50.jpg 50w\" sizes=\"auto, (max-width: 150px) 100vw, 150px\" \/><\/td><td class=\"has-text-align-center\" data-align=\"center\"><img loading=\"lazy\" decoding=\"async\" width=\"150\" height=\"30\" class=\"wp-image-1376\" style=\"width: 150px;\" src=\"https:\/\/www.luna.com.hr\/wp-content\/uploads\/2023\/10\/rody.jpg\" alt=\"\" srcset=\"https:\/\/www.luna.com.hr\/wp-content\/uploads\/2023\/10\/rody.jpg 503w, https:\/\/www.luna.com.hr\/wp-content\/uploads\/2023\/10\/rody-300x60.jpg 300w\" sizes=\"auto, (max-width: 150px) 100vw, 150px\" \/><\/td><td class=\"has-text-align-center\" data-align=\"center\"><img loading=\"lazy\" decoding=\"async\" width=\"150\" height=\"188\" class=\"wp-image-1375\" style=\"width: 150px;\" src=\"https:\/\/www.luna.com.hr\/wp-content\/uploads\/2023\/10\/Villa-Zelenjak-Ventek.png\" alt=\"\" srcset=\"https:\/\/www.luna.com.hr\/wp-content\/uploads\/2023\/10\/Villa-Zelenjak-Ventek.png 350w, https:\/\/www.luna.com.hr\/wp-content\/uploads\/2023\/10\/Villa-Zelenjak-Ventek-240x300.png 240w\" sizes=\"auto, (max-width: 150px) 100vw, 150px\" \/><\/td><\/tr><tr><td class=\"has-text-align-center\" data-align=\"center\"><img loading=\"lazy\" decoding=\"async\" width=\"150\" height=\"150\" class=\"wp-image-1374\" style=\"width: 150px;\" src=\"https:\/\/www.luna.com.hr\/wp-content\/uploads\/2023\/10\/semi.jpg\" alt=\"\" srcset=\"https:\/\/www.luna.com.hr\/wp-content\/uploads\/2023\/10\/semi.jpg 225w, https:\/\/www.luna.com.hr\/wp-content\/uploads\/2023\/10\/semi-80x80.jpg 80w, https:\/\/www.luna.com.hr\/wp-content\/uploads\/2023\/10\/semi-100x100.jpg 100w, https:\/\/www.luna.com.hr\/wp-content\/uploads\/2023\/10\/semi-50x50.jpg 50w\" sizes=\"auto, (max-width: 150px) 100vw, 150px\" \/><\/td><td class=\"has-text-align-center\" data-align=\"center\"><img loading=\"lazy\" decoding=\"async\" width=\"150\" height=\"79\" class=\"wp-image-1373\" style=\"width: 150px;\" src=\"https:\/\/www.luna.com.hr\/wp-content\/uploads\/2023\/10\/Restoran-Gastro-Globus.png\" alt=\"\" srcset=\"https:\/\/www.luna.com.hr\/wp-content\/uploads\/2023\/10\/Restoran-Gastro-Globus.png 600w, https:\/\/www.luna.com.hr\/wp-content\/uploads\/2023\/10\/Restoran-Gastro-Globus-300x157.png 300w\" sizes=\"auto, (max-width: 150px) 100vw, 150px\" \/><\/td><td class=\"has-text-align-center\" data-align=\"center\"><img loading=\"lazy\" decoding=\"async\" width=\"150\" height=\"150\" class=\"wp-image-1371\" style=\"width: 150px;\" src=\"https:\/\/www.luna.com.hr\/wp-content\/uploads\/2023\/10\/Klet-Kozjak.jpg\" alt=\"\" srcset=\"https:\/\/www.luna.com.hr\/wp-content\/uploads\/2023\/10\/Klet-Kozjak.jpg 273w, https:\/\/www.luna.com.hr\/wp-content\/uploads\/2023\/10\/Klet-Kozjak-80x80.jpg 80w, https:\/\/www.luna.com.hr\/wp-content\/uploads\/2023\/10\/Klet-Kozjak-100x100.jpg 100w, https:\/\/www.luna.com.hr\/wp-content\/uploads\/2023\/10\/Klet-Kozjak-50x50.jpg 50w\" sizes=\"auto, (max-width: 150px) 100vw, 150px\" \/><\/td><td class=\"has-text-align-center\" data-align=\"center\"><img loading=\"lazy\" decoding=\"async\" width=\"150\" height=\"36\" class=\"wp-image-1370\" style=\"width: 150px;\" src=\"https:\/\/www.luna.com.hr\/wp-content\/uploads\/2023\/10\/Mali-Dvorac.jpg\" alt=\"\" srcset=\"https:\/\/www.luna.com.hr\/wp-content\/uploads\/2023\/10\/Mali-Dvorac.jpg 732w, https:\/\/www.luna.com.hr\/wp-content\/uploads\/2023\/10\/Mali-Dvorac-300x71.jpg 300w, https:\/\/www.luna.com.hr\/wp-content\/uploads\/2023\/10\/Mali-Dvorac-600x143.jpg 600w\" sizes=\"auto, (max-width: 150px) 100vw, 150px\" \/><\/td><td class=\"has-text-align-center\" data-align=\"center\"><img loading=\"lazy\" decoding=\"async\" width=\"150\" height=\"101\" class=\"wp-image-1366\" style=\"width: 150px;\" src=\"https:\/\/www.luna.com.hr\/wp-content\/uploads\/2023\/10\/Villa-Vladimir.png\" alt=\"\"><\/td><\/tr><\/tbody><\/table><\/figure>\n\n\n\n<p><\/p>\n","protected":false},"excerpt":{"rendered":"<p>Pogledajte gdje i za koga smo sve svirali kroz ovaj dugi niz godina. Vjerujemo kako su ove reference dokaz kvalitete, dugovje\u010dnosti i odli\u010dno odra\u0111enih svadbenih sve\u010danosti, evenata, ga\u017ea&#8230;<\/p>\n","protected":false},"author":2,"featured_media":0,"parent":0,"menu_order":0,"comment_status":"closed","ping_status":"closed","template":"","meta":{"_regular_price":[],"currency_symbol":[],"_monsterinsights_skip_tracking":false,"_monsterinsights_sitenote_active":false,"_monsterinsights_sitenote_note":"","_monsterinsights_sitenote_category":0,"footnotes":""},"class_list":["post-1359","page","type-page","status-publish","hentry"],"featured_image_src":null,"aioseo_notices":[],"post_slider_layout_featured_media_urls":{"thumbnail":"","post_slider_layout_landscape_large":"","post_slider_layout_portrait_large":"","post_slider_layout_square_large":"","post_slider_layout_landscape":"","post_slider_layout_portrait":"","post_slider_layout_square":"","full":""},"_links":{"self":[{"href":"https:\/\/www.luna.com.hr\/index.php?rest_route=\/wp\/v2\/pages\/1359","targetHints":{"allow":["GET"]}}],"collection":[{"href":"https:\/\/www.luna.com.hr\/index.php?rest_route=\/wp\/v2\/pages"}],"about":[{"href":"https:\/\/www.luna.com.hr\/index.php?rest_route=\/wp\/v2\/types\/page"}],"author":[{"embeddable":true,"href":"https:\/\/www.luna.com.hr\/index.php?rest_route=\/wp\/v2\/users\/2"}],"replies":[{"embeddable":true,"href":"https:\/\/www.luna.com.hr\/index.php?rest_route=%2Fwp%2Fv2%2Fcomments&post=1359"}],"version-history":[{"count":2,"href":"https:\/\/www.luna.com.hr\/index.php?rest_route=\/wp\/v2\/pages\/1359\/revisions"}],"predecessor-version":[{"id":1377,"href":"https:\/\/www.luna.com.hr\/index.php?rest_route=\/wp\/v2\/pages\/1359\/revisions\/1377"}],"wp:attachment":[{"href":"https:\/\/www.luna.com.hr\/index.php?rest_route=%2Fwp%2Fv2%2Fmedia&parent=1359"}],"curies":[{"name":"wp","href":"https:\/\/api.w.org\/{rel}","templated":true}]}}