{"id":1284,"date":"2023-10-17T08:50:44","date_gmt":"2023-10-17T06:50:44","guid":{"rendered":"https:\/\/www.luna.com.hr\/?page_id=1284"},"modified":"2023-10-17T08:50:51","modified_gmt":"2023-10-17T06:50:51","slug":"pop-rock","status":"publish","type":"page","link":"https:\/\/www.luna.com.hr\/?page_id=1284","title":{"rendered":"POP &#8211; ROCK"},"content":{"rendered":"\n<figure class=\"wp-block-table\"><table><tbody><tr><td>1.<\/td><td>Pobjego sam<\/td><td>Op\u0107a opasnost<\/td><\/tr><tr><td>2.<\/td><td>Tvoje ime \u010duvam<\/td><td>Op\u0107a opasnost<\/td><\/tr><tr><td>3.<\/td><td>Konobar<\/td><td>Hladno pivo<\/td><\/tr><tr><td>4.<\/td><td>Samo za taj osje\u0107aj<\/td><td>Hladno pivo<\/td><\/tr><tr><td>5.<\/td><td>Samo je ljubav tajna dvaju svjetova<\/td><td>Thompson<\/td><\/tr><tr><td>6.<\/td><td>Gdje sam bio s kim sam pio<\/td><td>\u017deljko Bebek<\/td><\/tr><tr><td>7.<\/td><td>Tempera<\/td><td>Gibonni<\/td><\/tr><tr><td>8.<\/td><td>\u010cinim pravu stvar<\/td><td>Gibonni<\/td><\/tr><tr><td>9.<\/td><td>Stara navika<\/td><td>Bijelo dugme<\/td><\/tr><tr><td>10.<\/td><td>Ru\u017eica si bila<\/td><td>Bijelo dugme<\/td><\/tr><tr><td>11.<\/td><td>Ne spavaj mala moja<\/td><td>Bijelo dugme<\/td><\/tr><tr><td>12.<\/td><td>Lipe cvatu<\/td><td>Bijelo dugme<\/td><\/tr><tr><td>13.<\/td><td>Da je sre\u0107e bilo<\/td><td>Bijelo dugme<\/td><\/tr><tr><td>14.<\/td><td>Napile se ulice<\/td><td>Bijelo dugme<\/td><\/tr><tr><td>15.<\/td><td>Zovu nas ulice<\/td><td>Crvena Jabuka<\/td><\/tr><tr><td>16.<\/td><td>Bacila je sve niz rijeku<\/td><td>Crvena Jabuka<\/td><\/tr><tr><td>17.<\/td><td>To mi radi<\/td><td>Crvena Jabuka<\/td><\/tr><tr><td>18.<\/td><td>Bje\u017ei ki\u0161o s prozora<\/td><td>Crvena Jabuka<\/td><\/tr><tr><td>19.<\/td><td>Da nije ljubavi<\/td><td>Crvena Jabuka<\/td><\/tr><tr><td>20.<\/td><td>Od mora do mora<\/td><td>Daleka obala<\/td><\/tr><tr><td>21.<\/td><td>14 palmi<\/td><td>Daleka obala<\/td><\/tr><tr><td>22.<\/td><td>Prvi poljubac<\/td><td>Film<\/td><\/tr><tr><td>23.<\/td><td>Nek se dijete zove kao ja<\/td><td>Gibonni<\/td><\/tr><tr><td>24.<\/td><td>Put ka sre\u0107i<\/td><td>Goran Bare i Pla\u0107enici<\/td><\/tr><tr><td>25.<\/td><td>Samo za taj osje\u0107aj<\/td><td>Hladno pivo<\/td><\/tr><tr><td>26.<\/td><td>Sve ove godine<\/td><td>Indexi<\/td><\/tr><tr><td>27.<\/td><td>Lutkica<\/td><td>Lete\u0107i odred<\/td><\/tr><tr><td>28.<\/td><td>Stojim na kantunu<\/td><td>Neno Belan<\/td><\/tr><tr><td>29.<\/td><td>U ljubav vjere nemam<\/td><td>Oliver &amp; Gibonni<\/td><\/tr><tr><td>30.<\/td><td>Za ljubav treba imat du\u0161u<\/td><td>Op\u0107a opasnost<\/td><\/tr><tr><td>31.<\/td><td>Zenica blues<\/td><td>Op\u0107a opasnost<\/td><\/tr><tr><td>32.<\/td><td>U prolazu<\/td><td>Parni valjak<\/td><\/tr><tr><td>33.<\/td><td>Lutka za bal<\/td><td>Parni valjak<\/td><\/tr><tr><td>34.<\/td><td>Nedjelja<\/td><td>Parni valjak<\/td><\/tr><tr><td>35.<\/td><td>Ugasi me<\/td><td>Parni valjak<\/td><\/tr><tr><td>36.<\/td><td>Zagreb ima isti pozivni<\/td><td>Parni valjak<\/td><\/tr><tr><td>37.<\/td><td>Dok si pored mene<\/td><td>Parni valjak<\/td><\/tr><tr><td>38.<\/td><td>Ako su to samo bile la\u017ei<\/td><td>Plavi orkestar<\/td><\/tr><tr><td>39.<\/td><td>Mi ple\u0161emo<\/td><td>Prljavo kazali\u0161te<\/td><\/tr><tr><td>40.<\/td><td>Previ\u0161e suza u moom pivu<\/td><td>Prljavo kazali\u0161te<\/td><\/tr><tr><td>41.<\/td><td>Mojoj majci<\/td><td>Prljavo kazali\u0161te<\/td><\/tr><tr><td>42.<\/td><td>Marina<\/td><td>Prljavo kazali\u0161te<\/td><\/tr><tr><td>43.<\/td><td>Ne zovi mama doktora<\/td><td>Prljavo kazali\u0161te<\/td><\/tr><tr><td>44.<\/td><td>Pisma ljubavna<\/td><td>Prljavo kazali\u0161te<\/td><\/tr><tr><td>45.<\/td><td>Sve je lako kad si mlad<\/td><td>Prljavo kazali\u0161te<\/td><\/tr><tr><td>46.<\/td><td>Frida<\/td><td>Psihomodo pop<\/td><\/tr><tr><td>47.<\/td><td>\u010cuvam ovu ljubav svetu<\/td><td>Tony Cetinski<\/td><\/tr><tr><td>48.<\/td><td>Mramor kamen i \u017eeljezo<\/td><td>Novi Fosili<\/td><\/tr><tr><td>49.<\/td><td>Suze liju plave o\u010di<\/td><td>Ivica \u0160erfezi<\/td><\/tr><tr><td>50.<\/td><td>Laku no\u0107 svira\u0107i<\/td><td>\u017deljko Bebek<\/td><\/tr><tr><td>51.<\/td><td>Ne \u017eeli\u0161 kraj<\/td><td>Divlje Jagode<\/td><\/tr><tr><td>52.<\/td><td>Krivo je more<\/td><td>Divlje Jagode<\/td><\/tr><tr><td>53.<\/td><td>Jedina moja<\/td><td>Divlje Jagode<\/td><\/tr><tr><td>54.<\/td><td>Zvijezda sjevera<\/td><td>Divlje Jagode<\/td><\/tr><tr><td>55.<\/td><td>Ti i ja<\/td><td>\u0110avoli<\/td><\/tr><tr><td>56.<\/td><td>O more<\/td><td>Meri&nbsp;<\/td><\/tr><tr><td>57.<\/td><td>Da li zna\u0161 da te volim<\/td><td>Dado Topi\u0107<\/td><\/tr><tr><td>58.<\/td><td>Kap po kap<\/td><td>Zorica Kon\u0111a<\/td><\/tr><tr><td>59.<\/td><td>\u0160ejla<\/td><td>Divlje Jagode<\/td><\/tr><tr><td>60.<\/td><td>Nasloni glavu na moje<\/td><td>Ivo Amuli\u0107<\/td><\/tr><tr><td>61.<\/td><td>Heroj ulice<\/td><td>Prljavo kazali\u0161te<\/td><\/tr><tr><td>62.<\/td><td>Ti si mi u krvi<\/td><td>Zdravko \u010coli\u0107<\/td><\/tr><\/tbody><\/table><\/figure>\n","protected":false},"excerpt":{"rendered":"<p>1. Pobjego sam Op\u0107a opasnost 2. Tvoje ime \u010duvam Op\u0107a opasnost 3. Konobar Hladno pivo 4. Samo za taj osje\u0107aj Hladno pivo 5. Samo je ljubav tajna dvaju svjetova Thompson 6. Gdje sam bio s kim sam pio \u017deljko Bebek 7. Tempera Gibonni 8. \u010cinim pravu stvar Gibonni 9. Stara navika Bijelo dugme 10. Ru\u017eica &hellip; <\/p>\n<p class=\"link-more\"><a href=\"https:\/\/www.luna.com.hr\/?page_id=1284\" class=\"more-link\">Continue reading<span class=\"screen-reader-text\"> &#8220;POP &#8211; ROCK&#8221;<\/span><\/a><\/p>\n","protected":false},"author":2,"featured_media":0,"parent":0,"menu_order":0,"comment_status":"closed","ping_status":"closed","template":"","meta":{"_regular_price":[],"currency_symbol":[],"_monsterinsights_skip_tracking":false,"_monsterinsights_sitenote_active":false,"_monsterinsights_sitenote_note":"","_monsterinsights_sitenote_category":0,"footnotes":""},"class_list":["post-1284","page","type-page","status-publish","hentry"],"featured_image_src":null,"aioseo_notices":[],"post_slider_layout_featured_media_urls":{"thumbnail":"","post_slider_layout_landscape_large":"","post_slider_layout_portrait_large":"","post_slider_layout_square_large":"","post_slider_layout_landscape":"","post_slider_layout_portrait":"","post_slider_layout_square":"","full":""},"_links":{"self":[{"href":"https:\/\/www.luna.com.hr\/index.php?rest_route=\/wp\/v2\/pages\/1284","targetHints":{"allow":["GET"]}}],"collection":[{"href":"https:\/\/www.luna.com.hr\/index.php?rest_route=\/wp\/v2\/pages"}],"about":[{"href":"https:\/\/www.luna.com.hr\/index.php?rest_route=\/wp\/v2\/types\/page"}],"author":[{"embeddable":true,"href":"https:\/\/www.luna.com.hr\/index.php?rest_route=\/wp\/v2\/users\/2"}],"replies":[{"embeddable":true,"href":"https:\/\/www.luna.com.hr\/index.php?rest_route=%2Fwp%2Fv2%2Fcomments&post=1284"}],"version-history":[{"count":1,"href":"https:\/\/www.luna.com.hr\/index.php?rest_route=\/wp\/v2\/pages\/1284\/revisions"}],"predecessor-version":[{"id":1285,"href":"https:\/\/www.luna.com.hr\/index.php?rest_route=\/wp\/v2\/pages\/1284\/revisions\/1285"}],"wp:attachment":[{"href":"https:\/\/www.luna.com.hr\/index.php?rest_route=%2Fwp%2Fv2%2Fmedia&parent=1284"}],"curies":[{"name":"wp","href":"https:\/\/api.w.org\/{rel}","templated":true}]}}