{"id":1278,"date":"2023-10-17T08:37:13","date_gmt":"2023-10-17T06:37:13","guid":{"rendered":"https:\/\/www.luna.com.hr\/?page_id=1278"},"modified":"2023-10-17T08:37:17","modified_gmt":"2023-10-17T06:37:17","slug":"dalmacija","status":"publish","type":"page","link":"https:\/\/www.luna.com.hr\/?page_id=1278","title":{"rendered":"Dalmacija"},"content":{"rendered":"\n<figure class=\"wp-block-table\"><table><tbody><tr><td>1.<\/td><td>Ne diraj moju ljubav<\/td><td>Klapa \u0160ufit<\/td><\/tr><tr><td>2.<\/td><td>Nisam te sri\u0107e<\/td><td>Tomislav Brali\u0107&amp;Intrade<\/td><\/tr><tr><td>3.<\/td><td>Evo mene moji judi<\/td><td>Mladen Grdovi\u0107<\/td><\/tr><tr><td>4.<\/td><td>Ribari<\/td><td>Vinko Coce<\/td><\/tr><tr><td>5.<\/td><td>Aj \u0107a volim te<\/td><td>Klapa Kampanel<\/td><\/tr><tr><td>6.<\/td><td>Budi no\u0107as mirno more<\/td><td>\u0110ani Stipani\u010dev<\/td><\/tr><tr><td>7.<\/td><td>Croatijo iz du\u0161e te ljubim<\/td><td>Klapa Intrade &amp; Brali\u0107<\/td><\/tr><tr><td>8.<\/td><td>\u0106iri biri bela&nbsp;<\/td><td>Dalmatinska narodna<\/td><\/tr><tr><td>9.<\/td><td>Da mi je s tobom pro\u0107i Mare<\/td><td>Matko Jelavi\u0107<\/td><\/tr><tr><td>10.<\/td><td>Da nije ljubavi<\/td><td>Dalmatinska narodna<\/td><\/tr><tr><td>11.<\/td><td>Da te mogu pismom zvati<\/td><td>Klapa Maslina<\/td><\/tr><tr><td>12.<\/td><td>Dalmacija u mom oku<\/td><td>Mi\u0161o Kova\u010d<\/td><\/tr><tr><td>13.<\/td><td>Dalmatinac sam<\/td><td>Mladen Grdovi\u0107<\/td><\/tr><tr><td>14.<\/td><td>Dva bracanina<\/td><td>Dalmatinska narodna<\/td><\/tr><tr><td>15.<\/td><td>Falile se ka\u0161telanke<\/td><td>Dalmatinska narodna<\/td><\/tr><tr><td>16.<\/td><td>Fe\u0161ta<\/td><td>Tomislav Iv\u010di\u0107<\/td><\/tr><tr><td>17.<\/td><td>Galeb i ja<\/td><td>Oliver Dragojevi\u0107<\/td><\/tr><tr><td>18.<\/td><td>Ja ne mogu drugo nego da je volim<\/td><td>\u0110ani Stipani\u010dev<\/td><\/tr><tr><td>19.<\/td><td>Jedna \u0107e mandolina<\/td><td>Mi\u0161o Kova\u010d<\/td><\/tr><tr><td>20.<\/td><td>Jedna Dubrov\u010danka<\/td><td>Dalmatinska narodna<\/td><\/tr><tr><td>21.<\/td><td>Kad na\u0161 brod plovi<\/td><td>4M<\/td><\/tr><tr><td>22.<\/td><td>Kad rivom pro\u0111e cura fina<\/td><td>Dalmatinska narodna<\/td><\/tr><tr><td>23.<\/td><td>Kad si bila mala Mare<\/td><td>Dalmatinska narodna<\/td><\/tr><tr><td>24.<\/td><td>Kalelarga&nbsp;<\/td><td>Tomislav Iv\u010di\u0107<\/td><\/tr><tr><td>25.<\/td><td>Klakar<\/td><td>Dalmatinska narodna<\/td><\/tr><tr><td>26.<\/td><td>Konoba<\/td><td>Meri Cetini\u0107<\/td><\/tr><tr><td>27.<\/td><td>La musica di note<\/td><td>Dubrova\u010dki trubaduri<\/td><\/tr><tr><td>28.<\/td><td>Malinkonija<\/td><td>Oliver Dragojevi\u0107<\/td><\/tr><tr><td>29.<\/td><td>Marica<\/td><td>Trio Gu\u0161ti<\/td><\/tr><tr><td>30.<\/td><td>Maslina<\/td><td>Ivo Patiera<\/td><\/tr><tr><td>31.<\/td><td>Meni ne more bit<\/td><td>Klapa Cambi<\/td><\/tr><tr><td>32.<\/td><td>Mirno spavaj ru\u017eo moja<\/td><td>Vinko Coce<\/td><\/tr><tr><td>33.<\/td><td>Na brigu ku\u0107a mala<\/td><td>Dalmatinska narodna<\/td><\/tr><tr><td>34.<\/td><td>Nije u \u0161oldima sve<\/td><td>Bepo<\/td><\/tr><tr><td>35.<\/td><td>O\u010di boje lavande<\/td><td>Pino &amp; Denis<\/td><\/tr><tr><td>36.<\/td><td>Smiljani\u0107u pokislo ti perje<\/td><td>Dalmatinska narodna<\/td><\/tr><tr><td>37.<\/td><td>Vela luka<\/td><td>Meri Cetini\u0107<\/td><\/tr><tr><td>38.<\/td><td>Vilo moja<\/td><td>Vinko Coce<\/td><\/tr><tr><td>39.<\/td><td>Zora bila<\/td><td>Klapa Intrade &amp; Brali\u0107<\/td><\/tr><tr><td>40.<\/td><td>Skalinada<\/td><td>Oliver Dragojevi\u0107<\/td><\/tr><tr><td>41.<\/td><td>Slu\u0161aj mati ove ri\u010di moje<\/td><td>Oliver Dragojevi\u0107<\/td><\/tr><\/tbody><\/table><\/figure>\n","protected":false},"excerpt":{"rendered":"<p>1. Ne diraj moju ljubav Klapa \u0160ufit 2. Nisam te sri\u0107e Tomislav Brali\u0107&amp;Intrade 3. Evo mene moji judi Mladen Grdovi\u0107 4. Ribari Vinko Coce 5. Aj \u0107a volim te Klapa Kampanel 6. Budi no\u0107as mirno more \u0110ani Stipani\u010dev 7. Croatijo iz du\u0161e te ljubim Klapa Intrade &amp; Brali\u0107 8. \u0106iri biri bela&nbsp; Dalmatinska narodna 9. &hellip; <\/p>\n<p class=\"link-more\"><a href=\"https:\/\/www.luna.com.hr\/?page_id=1278\" class=\"more-link\">Continue reading<span class=\"screen-reader-text\"> &#8220;Dalmacija&#8221;<\/span><\/a><\/p>\n","protected":false},"author":2,"featured_media":0,"parent":0,"menu_order":0,"comment_status":"closed","ping_status":"closed","template":"","meta":{"_regular_price":[],"currency_symbol":[],"_monsterinsights_skip_tracking":false,"_monsterinsights_sitenote_active":false,"_monsterinsights_sitenote_note":"","_monsterinsights_sitenote_category":0,"footnotes":""},"class_list":["post-1278","page","type-page","status-publish","hentry"],"featured_image_src":null,"aioseo_notices":[],"post_slider_layout_featured_media_urls":{"thumbnail":"","post_slider_layout_landscape_large":"","post_slider_layout_portrait_large":"","post_slider_layout_square_large":"","post_slider_layout_landscape":"","post_slider_layout_portrait":"","post_slider_layout_square":"","full":""},"_links":{"self":[{"href":"https:\/\/www.luna.com.hr\/index.php?rest_route=\/wp\/v2\/pages\/1278","targetHints":{"allow":["GET"]}}],"collection":[{"href":"https:\/\/www.luna.com.hr\/index.php?rest_route=\/wp\/v2\/pages"}],"about":[{"href":"https:\/\/www.luna.com.hr\/index.php?rest_route=\/wp\/v2\/types\/page"}],"author":[{"embeddable":true,"href":"https:\/\/www.luna.com.hr\/index.php?rest_route=\/wp\/v2\/users\/2"}],"replies":[{"embeddable":true,"href":"https:\/\/www.luna.com.hr\/index.php?rest_route=%2Fwp%2Fv2%2Fcomments&post=1278"}],"version-history":[{"count":1,"href":"https:\/\/www.luna.com.hr\/index.php?rest_route=\/wp\/v2\/pages\/1278\/revisions"}],"predecessor-version":[{"id":1279,"href":"https:\/\/www.luna.com.hr\/index.php?rest_route=\/wp\/v2\/pages\/1278\/revisions\/1279"}],"wp:attachment":[{"href":"https:\/\/www.luna.com.hr\/index.php?rest_route=%2Fwp%2Fv2%2Fmedia&parent=1278"}],"curies":[{"name":"wp","href":"https:\/\/api.w.org\/{rel}","templated":true}]}}