{"id":1276,"date":"2023-10-17T08:35:00","date_gmt":"2023-10-17T06:35:00","guid":{"rendered":"https:\/\/www.luna.com.hr\/?page_id=1276"},"modified":"2023-10-17T08:35:06","modified_gmt":"2023-10-17T06:35:06","slug":"tamburaske","status":"publish","type":"page","link":"https:\/\/www.luna.com.hr\/?page_id=1276","title":{"rendered":"Tambura\u0161ke"},"content":{"rendered":"\n<figure class=\"wp-block-table\"><table><tbody><tr><td>1.<\/td><td>Zorica<\/td><td>Meja\u0161i<\/td><\/tr><tr><td>2.<\/td><td>Bolji nego ikad<\/td><td>Meja\u0161i<\/td><\/tr><tr><td>3.<\/td><td>\u017delim te no\u0107as<\/td><td>Bosutski be\u0107ari<\/td><\/tr><tr><td>4.<\/td><td>Sad kada do\u0161la si<\/td><td>Bosutski be\u0107ari<\/td><\/tr><tr><td>5.<\/td><td>Dolazi trideseta<\/td><td>Begini<\/td><\/tr><tr><td>6.<\/td><td>Za sve moje biv\u0161e<\/td><td>Begini<\/td><\/tr><tr><td>7.<\/td><td>Obri\u0161i suze<\/td><td>Begini&amp;Ivan Zak<\/td><\/tr><tr><td>8.<\/td><td>Samo me jednom pogledaj<\/td><td>Bosutski be\u0107ari<\/td><\/tr><tr><td>9.<\/td><td>Moja najmilija<\/td><td>Gazde<\/td><\/tr><tr><td>10.<\/td><td>Ti si moja ljubav stara<\/td><td>Doris Dragovi\u0107<\/td><\/tr><tr><td>11.<\/td><td>Tre\u0161nja<\/td><td>Gazde<\/td><\/tr><tr><td>12.<\/td><td>Zbogom za zbogom<\/td><td>Gazde<\/td><\/tr><tr><td>13.<\/td><td>Zbog tebe sam to \u0161to jesam<\/td><td>Gazde<\/td><\/tr><tr><td>14.<\/td><td>Sve po\u0161tivam, svoje u\u017eivam<\/td><td>Jer\u0161ek \u0160tef<\/td><\/tr><tr><td>15.<\/td><td>Vozi skela<\/td><td>Jer\u0161ek \u0160tef<\/td><\/tr><tr><td>16.<\/td><td>Berdo<\/td><td>Jer\u0161ek \u0160tef<\/td><\/tr><tr><td>17.<\/td><td>Ako zora ne svane<\/td><td>Krunoslav Ki\u0107o Slabinac<\/td><\/tr><tr><td>18.<\/td><td>Oti\u0161o je otac moj polako<\/td><td>Krunoslav Ki\u0107o Slabinac<\/td><\/tr><tr><td>19.<\/td><td>Zaplakale stare tambure<\/td><td>Krunoslav Ki\u0107o Slabinac<\/td><\/tr><tr><td>20.<\/td><td>Svirci moji<\/td><td>Lampa\u0161i<\/td><\/tr><tr><td>21.<\/td><td>Pod starim krovovima<\/td><td>Lampa\u0161i<\/td><\/tr><tr><td>22.<\/td><td>Ku\u0107a na kraju sela<\/td><td>Miroslav \u0160koro<\/td><\/tr><tr><td>23.<\/td><td>Garavu\u0161o garava<\/td><td>Miroslav \u0160koro<\/td><\/tr><tr><td>24.<\/td><td>Ravnica<\/td><td>Miroslav \u0160koro<\/td><\/tr><tr><td>25.<\/td><td>Juli\u0161ka<\/td><td>Miroslav \u0160koro<\/td><\/tr><tr><td>26.<\/td><td>Mata<\/td><td>Miroslav \u0160koro<\/td><\/tr><tr><td>27.<\/td><td>\u0160umi javore<\/td><td>Miroslav \u0160koro<\/td><\/tr><tr><td>28.<\/td><td>Oraje<\/td><td>Miroslav \u0160koro<\/td><\/tr><tr><td>29.<\/td><td>Otvor \u017eeno kapiju<\/td><td>Miroslav \u0160koro<\/td><\/tr><tr><td>30.<\/td><td>Uzalud vam trud svira\u010di<\/td><td>Prljavo kazali\u0161te<\/td><\/tr><tr><td>31.<\/td><td>Ej Kato<\/td><td>Slavonske lole<\/td><\/tr><tr><td>32.<\/td><td>Sve je ona meni<\/td><td>Slavonske lole<\/td><\/tr><tr><td>33.<\/td><td>Prijatelju nije lako<\/td><td>Slavonske lole<\/td><\/tr><tr><td>34.<\/td><td>Moj bagreme<\/td><td>Slavonske lole<\/td><\/tr><tr><td>35.<\/td><td>\u017delja mi je<\/td><td>Slavonske lole<\/td><\/tr><tr><td>36.<\/td><td>\u0110enka&nbsp;<\/td><td>Viktorija Kuli\u0161i\u0107 &#8211; \u0110enka<\/td><\/tr><tr><td>37.<\/td><td>Tena<\/td><td>Zlatni dukati<\/td><\/tr><tr><td>38.<\/td><td>Oj mladosti<\/td><td>Zlatni dukati<\/td><\/tr><tr><td>39.<\/td><td>\u0160irok \u0161or<\/td><td>Zlatni dukati<\/td><\/tr><tr><td>40.<\/td><td>Sve birtije<\/td><td>Zlatni dukati<\/td><\/tr><tr><td>41.<\/td><td>Od dvora do dvora<\/td><td>Zlatni dukati<\/td><\/tr><tr><td>42.<\/td><td>Zbog tebe<\/td><td>Zlatni dukati<\/td><\/tr><tr><td>43.<\/td><td>Kara\u0161ica<\/td><td>Zlatni dukati<\/td><\/tr><tr><td>44.<\/td><td>8 tabura\u0161a<\/td><td>Zvonko Bogdan<\/td><\/tr><tr><td>45.<\/td><td>Tko te ima taj te nema<\/td><td>Zvonko Bogdan<\/td><\/tr><tr><td>46.<\/td><td>Pro\u0161le su mnoge ljubavi<\/td><td>Zvonko Bogdan<\/td><\/tr><tr><td>47.<\/td><td>Jesen sti\u017ee dunjo moja<\/td><td>Zvonko Bogdan<\/td><\/tr><tr><td>48.<\/td><td>Govori se da me vara\u0161<\/td><td>Zvonko Bogdan<\/td><\/tr><tr><td>49.<\/td><td>Sna\u0161a<\/td><td>\u017dac<\/td><\/tr><tr><td>50.<\/td><td>Be\u0107arac<\/td><td><\/td><\/tr><tr><td>51.<\/td><td>Pregazit \u0107u Kapelu<\/td><td><\/td><\/tr><tr><td>52.<\/td><td>Vesela je \u0161okadija<\/td><td><\/td><\/tr><\/tbody><\/table><\/figure>\n","protected":false},"excerpt":{"rendered":"<p>1. Zorica Meja\u0161i 2. Bolji nego ikad Meja\u0161i 3. \u017delim te no\u0107as Bosutski be\u0107ari 4. Sad kada do\u0161la si Bosutski be\u0107ari 5. Dolazi trideseta Begini 6. Za sve moje biv\u0161e Begini 7. Obri\u0161i suze Begini&amp;Ivan Zak 8. Samo me jednom pogledaj Bosutski be\u0107ari 9. Moja najmilija Gazde 10. Ti si moja ljubav stara Doris Dragovi\u0107 &hellip; <\/p>\n<p class=\"link-more\"><a href=\"https:\/\/www.luna.com.hr\/?page_id=1276\" class=\"more-link\">Continue reading<span class=\"screen-reader-text\"> &#8220;Tambura\u0161ke&#8221;<\/span><\/a><\/p>\n","protected":false},"author":2,"featured_media":0,"parent":0,"menu_order":0,"comment_status":"closed","ping_status":"closed","template":"","meta":{"_regular_price":[],"currency_symbol":[],"_monsterinsights_skip_tracking":false,"_monsterinsights_sitenote_active":false,"_monsterinsights_sitenote_note":"","_monsterinsights_sitenote_category":0,"footnotes":""},"class_list":["post-1276","page","type-page","status-publish","hentry"],"featured_image_src":null,"aioseo_notices":[],"post_slider_layout_featured_media_urls":{"thumbnail":"","post_slider_layout_landscape_large":"","post_slider_layout_portrait_large":"","post_slider_layout_square_large":"","post_slider_layout_landscape":"","post_slider_layout_portrait":"","post_slider_layout_square":"","full":""},"_links":{"self":[{"href":"https:\/\/www.luna.com.hr\/index.php?rest_route=\/wp\/v2\/pages\/1276","targetHints":{"allow":["GET"]}}],"collection":[{"href":"https:\/\/www.luna.com.hr\/index.php?rest_route=\/wp\/v2\/pages"}],"about":[{"href":"https:\/\/www.luna.com.hr\/index.php?rest_route=\/wp\/v2\/types\/page"}],"author":[{"embeddable":true,"href":"https:\/\/www.luna.com.hr\/index.php?rest_route=\/wp\/v2\/users\/2"}],"replies":[{"embeddable":true,"href":"https:\/\/www.luna.com.hr\/index.php?rest_route=%2Fwp%2Fv2%2Fcomments&post=1276"}],"version-history":[{"count":1,"href":"https:\/\/www.luna.com.hr\/index.php?rest_route=\/wp\/v2\/pages\/1276\/revisions"}],"predecessor-version":[{"id":1277,"href":"https:\/\/www.luna.com.hr\/index.php?rest_route=\/wp\/v2\/pages\/1276\/revisions\/1277"}],"wp:attachment":[{"href":"https:\/\/www.luna.com.hr\/index.php?rest_route=%2Fwp%2Fv2%2Fmedia&parent=1276"}],"curies":[{"name":"wp","href":"https:\/\/api.w.org\/{rel}","templated":true}]}}