{"id":1274,"date":"2023-10-17T08:33:58","date_gmt":"2023-10-17T06:33:58","guid":{"rendered":"https:\/\/www.luna.com.hr\/?page_id=1274"},"modified":"2023-10-17T08:34:02","modified_gmt":"2023-10-17T06:34:02","slug":"narodno-folk","status":"publish","type":"page","link":"https:\/\/www.luna.com.hr\/?page_id=1274","title":{"rendered":"Narodno, Folk"},"content":{"rendered":"\n<figure class=\"wp-block-table\"><table><tbody><tr><td>1.<\/td><td>Stari Lav<\/td><td>\u017deljko Samard\u017ei\u0107<\/td><\/tr><tr><td>2.<\/td><td>Lavanda<\/td><td>Halid Be\u0161li\u0107<\/td><\/tr><tr><td>3.<\/td><td>Sijede<\/td><td>Halid Be\u0161li\u0107<\/td><\/tr><tr><td>4.<\/td><td>Fenomenalno<\/td><td>\u0106ira<\/td><\/tr><tr><td>5.<\/td><td>Te\u0161anj<\/td><td>Halid Be\u0161li\u0107<\/td><\/tr><tr><td>6.<\/td><td>Boli boli<\/td><td>Neda Ukraden<\/td><\/tr><tr><td>7.<\/td><td>Zora je svanula<\/td><td>Neda Ukraden<\/td><\/tr><tr><td>8.<\/td><td>Ala, ala<\/td><td>Sejo Kala\u010d<\/td><\/tr><tr><td>9.<\/td><td>Usne boje vina<\/td><td>Boban Rajovi\u0107<\/td><\/tr><tr><td>10.<\/td><td>Reskiraj<\/td><td>Sa\u0161a Mati\u0107<\/td><\/tr><tr><td>11.<\/td><td>Ku\u0107o stara<\/td><td>Navra\u010di\u0107 band<\/td><\/tr><tr><td>12.<\/td><td>Malo po malo<\/td><td>Tozovac<\/td><\/tr><tr><td>13.<\/td><td>Treba\u0161 mi&nbsp;<\/td><td>Darko Filipovi\u0107<\/td><\/tr><tr><td>14.<\/td><td>\u0160ampanjac<\/td><td>Mile Kiti\u0107<\/td><\/tr><tr><td>15.<\/td><td>Miljacka<\/td><td>Halid Be\u0161li\u0107<\/td><\/tr><tr><td>16.<\/td><td>\u010cardak<\/td><td>Halid Be\u0161li\u0107<\/td><\/tr><tr><td>17.<\/td><td>Zbog Mirjane<\/td><td>Zdenko Nik\u0161i\u0107<\/td><\/tr><tr><td>18.<\/td><td>U meni jesen je<\/td><td>Halid Be\u0161li\u0107<\/td><\/tr><tr><td>19.<\/td><td>Malo je malo dana<\/td><td>Halid Be\u0161li\u0107<\/td><\/tr><tr><td>20.<\/td><td>Prvi poljubac<\/td><td>Halid Be\u0161li\u0107<\/td><\/tr><tr><td>21.<\/td><td>Dvadesete<\/td><td>Halid Be\u0161li\u0107<\/td><\/tr><tr><td>22.<\/td><td>Ciganka<\/td><td>Boban Zdravkovi\u0107<\/td><\/tr><tr><td>23.<\/td><td>Da se na\u0111emo na pola puta<\/td><td>Neda Ukraden<\/td><\/tr><tr><td>24.<\/td><td>\u017deljo moja<\/td><td>Dejan Mati\u0107<\/td><\/tr><tr><td>25.<\/td><td>Drska \u017eeno plava<\/td><td>\u017deljko Joksimovi\u0107<\/td><\/tr><tr><td>26.<\/td><td>O cigani<\/td><td>Du\u0161ko Kuli\u0161<\/td><\/tr><tr><td>27.<\/td><td>\u010cetrdeseta<\/td><td>Du\u0161ko Kuli\u0161<\/td><\/tr><tr><td>28.<\/td><td>Hej po\u0161taru<\/td><td>Hot line<\/td><\/tr><tr><td>29.<\/td><td>O\u010di boje kestena<\/td><td>Hot line<\/td><\/tr><tr><td>30.<\/td><td>Ivanova korita<\/td><td>Sa\u0161a Mati\u0107<\/td><\/tr><tr><td>31.<\/td><td>Jedan poljubac kocka \u0161e\u0107era<\/td><td>Dynamic<\/td><\/tr><tr><td>32.<\/td><td>Kako mi nedostaje\u0161<\/td><td>Haris \u0110inovi\u0107<\/td><\/tr><tr><td>33.<\/td><td>Manite se ljudi<\/td><td>Ana Bekuta<\/td><\/tr><tr><td>34.<\/td><td>Do\u0161lo doba da se rastajemo<\/td><td>Neda Ukraden<\/td><\/tr><tr><td>35.<\/td><td>Nek ti ka\u017eu jorgovani<\/td><td>Drvenjaki<\/td><\/tr><tr><td>36.<\/td><td>Nije mene du\u0161o ubilo<\/td><td>Du\u0161ko Kuli\u0161<\/td><\/tr><tr><td>37.<\/td><td>Nisam ti ja bilo tko<\/td><td>Neda Ukraden<\/td><\/tr><tr><td>38.<\/td><td>Pusti ljubav neka krene<\/td><td>Haris \u0110inovi\u0107<\/td><\/tr><tr><td>39.<\/td><td>Ruzmarin<\/td><td>Sa\u0161a Mati\u0107<\/td><\/tr><tr><td>40.<\/td><td>Sjedokosi momak<\/td><td>Dynamic<\/td><\/tr><tr><td>41.<\/td><td>Skitnica&nbsp;<\/td><td>Marinko Rokvi\u0107<\/td><\/tr><tr><td>42.<\/td><td>\u0160to je to u tvojim venama<\/td><td>Ceca<\/td><\/tr><tr><td>43.<\/td><td>Tetova\u017ea<\/td><td>Ivan Zak &amp; Neda Ukraden<\/td><\/tr><tr><td>44.<\/td><td>Tra\u017eena roba u gradu<\/td><td>Vuco<\/td><\/tr><tr><td>45.<\/td><td>Volim piti i ljubiti<\/td><td>Vuco<\/td><\/tr><tr><td>46.<\/td><td>Zapalit \u0107u pola grada<\/td><td>Keba<\/td><\/tr><tr><td>47.<\/td><td>Stari ribar<\/td><td>Hot line<\/td><\/tr><tr><td>48.<\/td><td>Pre\u0161lo mi u naviku<\/td><td>Slavko Banjac<\/td><\/tr><tr><td>49.<\/td><td>Jedan dan \u017eivota<\/td><td>Brena &amp; M. Ili\u0107<\/td><\/tr><tr><td>50.<\/td><td>Poljem se \u0161iri miris ljiljana<\/td><td>Halid Muslimovi\u0107<\/td><\/tr><tr><td>51.<\/td><td>\u017divim jer Bog ima neki razlog<\/td><td>Stari prijatelji<\/td><\/tr><tr><td>52.<\/td><td>Sunce i zora<\/td><td>Marinko Rokvi\u0107<\/td><\/tr><tr><td>53.<\/td><td>Tako mi nedostaje\u0161<\/td><td>Haris \u0110inovi\u0107<\/td><\/tr><tr><td>54.<\/td><td>Zelene o\u010di<\/td><td>Hanka Paldum<\/td><\/tr><tr><td>55.<\/td><td>Zlatne strune<\/td><td>Halid Be\u0161li\u0107<\/td><\/tr><tr><td>56.<\/td><td>Pri\u010daju mi da me vara\u0161<\/td><td>Duo pegla<\/td><\/tr><tr><td>57.<\/td><td>Dozreli su kesteni<\/td><td>Stari prijatelji<\/td><\/tr><tr><td>58.<\/td><td>Kafana<\/td><td>Haris \u0110inovi\u0107<\/td><\/tr><tr><td>59.<\/td><td>\u017dena prijatelja mog<\/td><td>Toma Zdravkovi\u0107<\/td><\/tr><tr><td>60.<\/td><td>O cigani<\/td><td>Du\u0161ko Kuli\u0161<\/td><\/tr><tr><td>61.<\/td><td>Fato mori du\u0161manke<\/td><td>\u0160erif Konjevi\u0107<\/td><\/tr><tr><td>62.<\/td><td>Zavoljeh te ludo<\/td><td>Haris \u0110inovi\u0107<\/td><\/tr><tr><td>63.<\/td><td>Sliku tvoju ljubim<\/td><td>Toma Zdravkovi\u0107<\/td><\/tr><tr><td>64.<\/td><td>Nesu\u0111ena stara ljubavi<\/td><td>\u0106ebo<\/td><\/tr><tr><td>65.<\/td><td>Ljubio sam kr\u010dmarice<\/td><td>No\u0107ni skok<\/td><\/tr><tr><td>66.<\/td><td>Ljubila je prvi put<\/td><td>Mitar Miri\u0107<\/td><\/tr><tr><td>67.<\/td><td>\u0160to je to u tvojim venama<\/td><td>Ceca<\/td><\/tr><tr><td>68.<\/td><td>Dozvoli mi de te zaboravim<\/td><td>Tozovac<\/td><\/tr><tr><td>69.<\/td><td>Ti si me \u010dekala<\/td><td>Tozovac<\/td><\/tr><tr><td>70.<\/td><td>Ugasila si me<\/td><td>Du\u0161ko Kuli\u0161<\/td><\/tr><tr><td>71.<\/td><td>Nije \u017eivot jedna \u017eena, jedna birtija<\/td><td>Grupa Vox<\/td><\/tr><tr><td>72.<\/td><td>Mnogo je bola<\/td><td>\u017deljko Golik<\/td><\/tr><tr><td>73.<\/td><td>Dijana ljubavi<\/td><td>Ferid Avdi\u0107<\/td><\/tr><tr><td>74.<\/td><td>Dugo te o\u010dekujem<\/td><td>Nada Obri\u0107<\/td><\/tr><tr><td>75.<\/td><td>Ivana<\/td><td>Medeni mesec<\/td><\/tr><tr><td>76.<\/td><td>Ja jo\u0161 uvijek kao momak \u017eivim<\/td><td>Mate Buli\u0107<\/td><\/tr><tr><td>77.<\/td><td>Dva \u017eivota<\/td><td>Grupa Vox<\/td><\/tr><tr><td>78.<\/td><td>Tebi<\/td><td>Miroslav Ili\u0107<\/td><\/tr><tr><td>79.<\/td><td>Suzo Suzana<\/td><td>Du\u0161ko Kuli\u0161<\/td><\/tr><tr><td>80.<\/td><td>Ja ho\u0107u sad<\/td><td>Ritam srca<\/td><\/tr><tr><td>81.<\/td><td>Danijela<\/td><td>Grupa Vox<\/td><\/tr><tr><td>82.<\/td><td>Ne klepe\u0107i nanula<\/td><td>Ne\u0111ad Salkovi\u0107<\/td><\/tr><tr><td>83.<\/td><td>Ljepotica od sirotana<\/td><td>Stari prijatelji<\/td><\/tr><tr><td>84.<\/td><td>Plava \u017eena<\/td><td>No\u0107ni skok<\/td><\/tr><tr><td>85.<\/td><td>Ti si \u017eena mog \u017eivota<\/td><td><\/td><\/tr><tr><td>86.<\/td><td>\u017deljo moja<\/td><td><\/td><\/tr><tr><td>87.<\/td><td>Nije mene du\u0161o ubilo<\/td><td>\u017deljko Golik<\/td><\/tr><tr><td>88.<\/td><td>Volim piti<\/td><td>Vuco<\/td><\/tr><tr><td>89.<\/td><td>1000 suza majko<\/td><td>Tozovac<\/td><\/tr><tr><td>90.<\/td><td>Nek sklone \u010da\u0161e<\/td><td>Tozovac<\/td><\/tr><tr><td>91.<\/td><td>O\u010di su moje mutne od dima<\/td><td><\/td><\/tr><tr><td>92.<\/td><td>Stade se cvije\u0107e rosom kititi<\/td><td>Ne\u0111ad Salkovi\u0107<\/td><\/tr><tr><td>93.<\/td><td>Nevolja moja<\/td><td>Haris \u0110inovi\u0107<\/td><\/tr><tr><td>94.<\/td><td>Mene je u\u010dilo vrijeme<\/td><td><\/td><\/tr><tr><td>95.<\/td><td>Zapalit \u0107u pola grada<\/td><td><\/td><\/tr><tr><td>96.<\/td><td>Ramo ramo<\/td><td>Muharem Serbezovski<\/td><\/tr><tr><td>97.<\/td><td>Nije \u017eivot jedna \u017eena&nbsp;<\/td><td>Miroslav Ili\u0107<\/td><\/tr><tr><td>98.<\/td><td>Voljela si no\u0107nu pticu<\/td><td>Tozovac<\/td><\/tr><tr><td>99.<\/td><td>Pro\u0111e ljeto trideseto<\/td><td><\/td><\/tr><tr><td>100.<\/td><td>Bo\u017eanstvena \u017eeno<\/td><td>Miroslav Ili\u0107<\/td><\/tr><tr><td>101.<\/td><td>Ovo je pri\u010da o nama<\/td><td><\/td><\/tr><tr><td>102.<\/td><td>Iza\u0111i mala<\/td><td>Ferid Avdi\u0107<\/td><\/tr><\/tbody><\/table><\/figure>\n","protected":false},"excerpt":{"rendered":"<p>1. Stari Lav \u017deljko Samard\u017ei\u0107 2. Lavanda Halid Be\u0161li\u0107 3. Sijede Halid Be\u0161li\u0107 4. Fenomenalno \u0106ira 5. Te\u0161anj Halid Be\u0161li\u0107 6. Boli boli Neda Ukraden 7. Zora je svanula Neda Ukraden 8. Ala, ala Sejo Kala\u010d 9. Usne boje vina Boban Rajovi\u0107 10. Reskiraj Sa\u0161a Mati\u0107 11. Ku\u0107o stara Navra\u010di\u0107 band 12. Malo po malo &hellip; <\/p>\n<p class=\"link-more\"><a href=\"https:\/\/www.luna.com.hr\/?page_id=1274\" class=\"more-link\">Continue reading<span class=\"screen-reader-text\"> &#8220;Narodno, Folk&#8221;<\/span><\/a><\/p>\n","protected":false},"author":2,"featured_media":0,"parent":0,"menu_order":0,"comment_status":"closed","ping_status":"closed","template":"","meta":{"_regular_price":[],"currency_symbol":[],"_monsterinsights_skip_tracking":false,"_monsterinsights_sitenote_active":false,"_monsterinsights_sitenote_note":"","_monsterinsights_sitenote_category":0,"footnotes":""},"class_list":["post-1274","page","type-page","status-publish","hentry"],"featured_image_src":null,"aioseo_notices":[],"post_slider_layout_featured_media_urls":{"thumbnail":"","post_slider_layout_landscape_large":"","post_slider_layout_portrait_large":"","post_slider_layout_square_large":"","post_slider_layout_landscape":"","post_slider_layout_portrait":"","post_slider_layout_square":"","full":""},"_links":{"self":[{"href":"https:\/\/www.luna.com.hr\/index.php?rest_route=\/wp\/v2\/pages\/1274","targetHints":{"allow":["GET"]}}],"collection":[{"href":"https:\/\/www.luna.com.hr\/index.php?rest_route=\/wp\/v2\/pages"}],"about":[{"href":"https:\/\/www.luna.com.hr\/index.php?rest_route=\/wp\/v2\/types\/page"}],"author":[{"embeddable":true,"href":"https:\/\/www.luna.com.hr\/index.php?rest_route=\/wp\/v2\/users\/2"}],"replies":[{"embeddable":true,"href":"https:\/\/www.luna.com.hr\/index.php?rest_route=%2Fwp%2Fv2%2Fcomments&post=1274"}],"version-history":[{"count":1,"href":"https:\/\/www.luna.com.hr\/index.php?rest_route=\/wp\/v2\/pages\/1274\/revisions"}],"predecessor-version":[{"id":1275,"href":"https:\/\/www.luna.com.hr\/index.php?rest_route=\/wp\/v2\/pages\/1274\/revisions\/1275"}],"wp:attachment":[{"href":"https:\/\/www.luna.com.hr\/index.php?rest_route=%2Fwp%2Fv2%2Fmedia&parent=1274"}],"curies":[{"name":"wp","href":"https:\/\/api.w.org\/{rel}","templated":true}]}}