{"id":1259,"date":"2023-10-17T08:27:39","date_gmt":"2023-10-17T06:27:39","guid":{"rendered":"https:\/\/www.luna.com.hr\/?page_id=1259"},"modified":"2023-10-17T08:55:39","modified_gmt":"2023-10-17T06:55:39","slug":"zabavne","status":"publish","type":"page","link":"https:\/\/www.luna.com.hr\/?page_id=1259","title":{"rendered":"Zabavne"},"content":{"rendered":"\n<figure class=\"wp-block-table\"><table><tbody><tr><td>1.<\/td><td>Ako te pitaju<\/td><td>Petar Gra\u0161o<\/td><\/tr><tr><td>2.<\/td><td>Moje zlato<\/td><td>Petar Gra\u0161o<\/td><\/tr><tr><td>3.<\/td><td>Voli me<\/td><td>Petar Gra\u0161o<\/td><\/tr><tr><td>4.<\/td><td>Volim i postojim<\/td><td>Petar Gra\u0161o<\/td><\/tr><tr><td>5.<\/td><td>Dunavom<\/td><td>\u017deljko Bebek<\/td><\/tr><tr><td>6.<\/td><td>100 sam dana pio<\/td><td>\u017deljko Bebek<\/td><\/tr><tr><td>7.<\/td><td>Ja po kafanama<\/td><td>\u017deljko Bebek<\/td><\/tr><tr><td>8.<\/td><td>Idu dani, lete godine<\/td><td>\u017deljko Bebek<\/td><\/tr><tr><td>9.<\/td><td>Ono ne\u0161to na\u0161e<\/td><td>\u017deljko Bebek<\/td><\/tr><tr><td>10.<\/td><td>Jo\u0161 fali\u0161<\/td><td>Vigor<\/td><\/tr><tr><td>11.<\/td><td>Divna<\/td><td>Vigor<\/td><\/tr><tr><td>12.<\/td><td>Marija<\/td><td>Vigor<\/td><\/tr><tr><td>13.<\/td><td>Skopje Beograd<\/td><td>\u017deljko Joksimovi\u0107<\/td><\/tr><tr><td>14.<\/td><td>Vino bez harmonike<\/td><td>&nbsp;<\/td><\/tr><tr><td>15.<\/td><td>Da se jo\u0161 jedanput rodim<\/td><td>Prva liga-Igor Dela\u010d<\/td><\/tr><tr><td>16.<\/td><td>Nedostaje\u0161 mi ti<\/td><td>Oliver Dragojevi\u0107<\/td><\/tr><tr><td>17.<\/td><td>Rsapa\u0161oj<\/td><td>Danijela<\/td><\/tr><tr><td>18.<\/td><td>Tarapana<\/td><td>Severina<\/td><\/tr><tr><td>19.<\/td><td>Italiana<\/td><td>Severina<\/td><\/tr><tr><td>20.<\/td><td>Brodolom<\/td><td>Danijela<\/td><\/tr><tr><td>21.<\/td><td>Dobitna kombinacija<\/td><td>Jelena Rozga<\/td><\/tr><tr><td>22.<\/td><td>Solo igra\u010dica<\/td><td>Jelena Rozga<\/td><\/tr><tr><td>23.<\/td><td>Pjevam danju, pjevam no\u0107u<\/td><td>Zdravko \u0106oli\u0107<\/td><\/tr><tr><td>24.<\/td><td>Zalutali pogled<\/td><td>Brali\u0107 i Intrade<\/td><\/tr><tr><td>25.<\/td><td>Kre\u0107e zabava<\/td><td>Begini<\/td><\/tr><tr><td>26.<\/td><td>Kraljica<\/td><td>Jelena Rozga<\/td><\/tr><tr><td>27.<\/td><td>Remek djelo<\/td><td>Jole<\/td><\/tr><tr><td>28.<\/td><td>Siokak bez imena<\/td><td>Miroslav \u0160koro<\/td><\/tr><tr><td>29.<\/td><td>Do\u017eivotno tvoj<\/td><td>Posegana<\/td><\/tr><tr><td>30.<\/td><td>Najljep\u0161i miraz<\/td><td>TS Fijakeri<\/td><\/tr><tr><td>31.<\/td><td>Duguje\u0161 mi ljeto<\/td><td>Ivan Zak<\/td><\/tr><tr><td>32.<\/td><td>Da sam ja on<\/td><td>Vigor<\/td><\/tr><tr><td>33.<\/td><td>Kada \u017eene tulumare<\/td><td>Jole<\/td><\/tr><tr><td>34.<\/td><td>Prsti zapleteni<\/td><td>Jelana Rozga<\/td><\/tr><tr><td>35.<\/td><td>Mislim samo na te<\/td><td>Klapa Ri\u0161pet<\/td><\/tr><tr><td>36.<\/td><td>Jedna no\u0107<\/td><td>Ivan Zak<\/td><\/tr><tr><td>37.<\/td><td>Lutka<\/td><td>SARS<\/td><\/tr><tr><td>38.<\/td><td>Zavela me Ana<\/td><td>Meja\u0161i<\/td><\/tr><tr><td>39.<\/td><td>Nije vrijedno sine moj<\/td><td>Kemal Monteno<\/td><\/tr><tr><td>40.<\/td><td>Uno momento<\/td><td>Severina<\/td><\/tr><tr><td>41.<\/td><td>Reci mi toplinom srca<\/td><td>Bekrije<\/td><\/tr><tr><td>42.<\/td><td>Svaki dan je put<\/td><td>Antonija \u0160ola<\/td><\/tr><tr><td>43.<\/td><td>Ljubav to smo mi<\/td><td>Posegana<\/td><\/tr><tr><td>44.<\/td><td>Samo reci da sam tvoj&nbsp;<\/td><td>Beatta band<\/td><\/tr><tr><td>45.<\/td><td>Da se jo\u0161 jedanput rodim<\/td><td>Prva liga-Igor Dela\u010d<\/td><\/tr><tr><td>46.<\/td><td>Nedostaje\u0161 mi ti&nbsp;<\/td><td>Oliver Dragojevi\u0107<\/td><\/tr><tr><td>47.<\/td><td>Rsapa\u0161oj<\/td><td>Danijela<\/td><\/tr><tr><td>48.<\/td><td>Tarapana<\/td><td>Severina<\/td><\/tr><tr><td>49.<\/td><td>Italiana<\/td><td>Severina<\/td><\/tr><tr><td>50.<\/td><td>Brodolom<\/td><td>Danijela<\/td><\/tr><tr><td>51.<\/td><td>Dobitna kombinacija<\/td><td>Jelena Rozga<\/td><\/tr><tr><td>52.<\/td><td>Solo igra\u010dica<\/td><td>Jelena Rozga<\/td><\/tr><tr><td>53.<\/td><td>Pjevam danju, pjevam no\u0107u<\/td><td>Zdravko \u0106oli\u0107<\/td><\/tr><tr><td>54.<\/td><td>Nirvana<\/td><td>Jelena Rozga<\/td><\/tr><tr><td>55.<\/td><td>U ti\u0161ini vrijeme te\u0107e<\/td><td>Grupa 777<\/td><\/tr><tr><td>56.<\/td><td>Ru\u017eo moja crvena<\/td><td>Agrameri<\/td><\/tr><tr><td>57.<\/td><td>Dao sam ti du\u0161u<\/td><td>Alen Slavica<\/td><\/tr><tr><td>58.<\/td><td>Jedina \u017eena na svijetu<\/td><td>Alen Slavica<\/td><\/tr><tr><td>59.<\/td><td>Nisam te znao voljeti<\/td><td>Alen Slavica<\/td><\/tr><tr><td>60.<\/td><td>Sandra<\/td><td>Alen Vitasovi\u0107<\/td><\/tr><tr><td>61.<\/td><td>Kad bi opet<\/td><td>Alka Vuica<\/td><\/tr><tr><td>62.<\/td><td>Ljubav nosi tvoje ime<\/td><td>Baruni<\/td><\/tr><tr><td>63.<\/td><td>Neka neka<\/td><td>Baruni<\/td><\/tr><tr><td>64.<\/td><td>Ljubavi samo ti<\/td><td>Boss band<\/td><\/tr><tr><td>65.<\/td><td>Cvije\u0107e cvijetu<\/td><td>Bumerang<\/td><\/tr><tr><td>66.<\/td><td>Da sam \u010desto trijezan<\/td><td>Capuccino<\/td><\/tr><tr><td>67.<\/td><td>Ima ne\u0161to od srca do srca<\/td><td>Crvena Jabuka<\/td><\/tr><tr><td>68.<\/td><td>Za moj \u017eivot<\/td><td>Crveni Koralji<\/td><\/tr><tr><td>69.<\/td><td>Pla\u010dem i suze ne krijem<\/td><td>\u0106ebo<\/td><\/tr><tr><td>70.<\/td><td>Vjerujem u tebe du\u0161o<\/td><td>\u0106ebo<\/td><\/tr><tr><td>71.<\/td><td>\u010cetrdeseta<\/td><td>Dalibor brun<\/td><\/tr><tr><td>72.<\/td><td>Sve su se laste \u2013 mix<\/td><td>Dalibor Brun<\/td><\/tr><tr><td>73.<\/td><td>Svi su znali da smo ljubovali<\/td><td>Dalibor brun<\/td><\/tr><tr><td>74.<\/td><td>Za\u0161to me la\u017ee\u0161 \u2013 mix<\/td><td>Dalibor Brun<\/td><\/tr><tr><td>75.<\/td><td>\u017dena plava<\/td><td>Dalibor brun<\/td><\/tr><tr><td>76.<\/td><td>Djetelina s 4 lista<\/td><td>Dalmatino<\/td><\/tr><tr><td>77.<\/td><td>\u0110uli-\u0110eni-Levisice &#8211; MIX<\/td><td>Danijel Popovi\u0107<\/td><\/tr><tr><td>78.<\/td><td>Da je sla\u0111e zaspati<\/td><td>Danijela<\/td><\/tr><tr><td>79.<\/td><td>Ja ja ja<\/td><td>Danijela<\/td><\/tr><tr><td>80.<\/td><td>Ple\u0161i sa mnom<\/td><td>Danijela<\/td><\/tr><tr><td>81.<\/td><td>Ljubav je tvoja kao vino<\/td><td>Davor Radolfi<\/td><\/tr><tr><td>82.<\/td><td>Neka \u017eivim kako \u017eivim<\/td><td>Davor Radolfi<\/td><\/tr><tr><td>83.<\/td><td>Hajde no\u0107as mi do\u0111i<\/td><td>Dino Merlin<\/td><\/tr><tr><td>84.<\/td><td>Ja potpuno trijezan umirem<\/td><td>Dino Merlin<\/td><\/tr><tr><td>85.<\/td><td>101 \u017eivot<\/td><td>Dra\u017een Ze\u010di\u0107<\/td><\/tr><tr><td>86.<\/td><td>Idi idi<\/td><td>Dra\u017een Ze\u010di\u0107<\/td><\/tr><tr><td>87.<\/td><td>Ne daj da te slome<\/td><td>Dra\u017een Ze\u010di\u0107<\/td><\/tr><tr><td>88.<\/td><td>Niko nema 2 \u017eivota<\/td><td>Dra\u017een Ze\u010di\u0107<\/td><\/tr><tr><td>89.<\/td><td>Oprosti mi du\u0161o<\/td><td>Dra\u017een Ze\u010di\u0107<\/td><\/tr><tr><td>90.<\/td><td>Poljubi me jednom za kraj<\/td><td>Dra\u017een Ze\u010di\u0107<\/td><\/tr><tr><td>91.<\/td><td>Sokole<\/td><td>Dra\u017een Ze\u010di\u0107<\/td><\/tr><tr><td>92.<\/td><td>Tako je dobro sresti te<\/td><td>Dra\u017een Ze\u010di\u0107<\/td><\/tr><tr><td>93.<\/td><td>Tvoje o\u010di zelene<\/td><td>Dra\u017een Ze\u010di\u0107<\/td><\/tr><tr><td>94.<\/td><td>U ime ljubavi<\/td><td>Dra\u017een Ze\u010di\u0107<\/td><\/tr><tr><td>95.<\/td><td>Vladarica<\/td><td>Dra\u017een Ze\u010di\u0107<\/td><\/tr><tr><td>96.<\/td><td>Voljela me jedno ljeto<\/td><td>Dra\u017een Ze\u010di\u0107<\/td><\/tr><tr><td>97.<\/td><td>Ze\u010di\u0107 \u2013 mix<\/td><td>Dra\u017een Ze\u010di\u0107<\/td><\/tr><tr><td>98.<\/td><td>Zora<\/td><td>Dra\u017een Ze\u010di\u0107<\/td><\/tr><tr><td>99.<\/td><td>\u017divim i bez tebe ja<\/td><td>Dra\u017een Ze\u010di\u0107<\/td><\/tr><tr><td>100.<\/td><td>Za\u0161to zatvara\u0161 o\u010di<\/td><td>Du\u0161ko Lokin<\/td><\/tr><tr><td>101.<\/td><td>Hvala ti<\/td><td>\u0110o Mara\u010di\u0107 Maki<\/td><\/tr><tr><td>102.<\/td><td>Kemija<\/td><td>ET<\/td><\/tr><tr><td>103.<\/td><td>Prazan stan<\/td><td>ET<\/td><\/tr><tr><td>104.<\/td><td>Lipo te ljubit<\/td><td>Forum<\/td><\/tr><tr><td>105.<\/td><td>Meni se du\u0161o s tobom<\/td><td>Gazde<\/td><\/tr><tr><td>106.<\/td><td>Ne pla\u0107i du\u0161o ja \u0107u do\u0107i<\/td><td>Gazde<\/td><\/tr><tr><td>107.<\/td><td>Put ka sre\u0107i<\/td><td>Goran Bare<\/td><\/tr><tr><td>108.<\/td><td>Kako da te zaboravim<\/td><td>Goran Karan<\/td><\/tr><tr><td>109.<\/td><td>Lipa si lipa<\/td><td>Goran Karan<\/td><\/tr><tr><td>110.<\/td><td>Splitska serenada<\/td><td>Goran Karan<\/td><\/tr><tr><td>111.<\/td><td>Tu non jores mi qerida<\/td><td>Goran Karan<\/td><\/tr><tr><td>112.<\/td><td>Pla\u010di srce pla\u010di<\/td><td>Ivica Pepelko<\/td><\/tr><tr><td>113.<\/td><td>Vrati mi srce<\/td><td>Ivica \u0160erfezi<\/td><\/tr><tr><td>114.<\/td><td>\u017divim za to<\/td><td>Jaques Houdek<\/td><\/tr><tr><td>115.<\/td><td>Tako mi je kako mi je<\/td><td>Jasna Zloki\u0107<\/td><\/tr><tr><td>116.<\/td><td>Bi\u017euterija<\/td><td>Jelena Rozga<\/td><\/tr><tr><td>117.<\/td><td>Daj \u0161ta da\u0161<\/td><td>Jelena Rozga<\/td><\/tr><tr><td>118.<\/td><td>Gospe moja<\/td><td>Jelena Rozga<\/td><\/tr><tr><td>119.<\/td><td>Razma\u017eena<\/td><td>Jelena Rozga<\/td><\/tr><tr><td>120.<\/td><td>Rodit \u0107u ti k\u0107er i sina<\/td><td>Jelena Rozga<\/td><\/tr><tr><td>121.<\/td><td>Svega ima al bi jo\u0161<\/td><td>Jelena Rozga<\/td><\/tr><tr><td>122.<\/td><td>Bijela boja<\/td><td>Jole<\/td><\/tr><tr><td>123.<\/td><td>Du\u0161a od papira<\/td><td>Jole<\/td><\/tr><tr><td>124.<\/td><td>Jedna mala plava<\/td><td>Jole<\/td><\/tr><tr><td>125.<\/td><td>Meni treba\u0161 ti<\/td><td>Jole<\/td><\/tr><tr><td>126.<\/td><td>Odijelo<\/td><td>Jole<\/td><\/tr><tr><td>127.<\/td><td>Samac<\/td><td>Jole<\/td><\/tr><tr><td>128.<\/td><td>Dotakni srce<\/td><td>Juci<\/td><\/tr><tr><td>129.<\/td><td>\u017divot si moj potro\u0161ila<\/td><td>Juliano<\/td><\/tr><tr><td>130.<\/td><td>Te 3 slatke rije\u010di<\/td><td>Ki\u0107o Slabinac<\/td><\/tr><tr><td>131.<\/td><td>Zbog jedne divne crne \u017eene<\/td><td>Ki\u0107o Slabinac<\/td><\/tr><tr><td>132.<\/td><td>Da te mogu pismom zvati<\/td><td>Klapa Kampanel<\/td><\/tr><tr><td>133.<\/td><td>An\u0111ela<\/td><td>Latino<\/td><\/tr><tr><td>134.<\/td><td>Divno je biti<\/td><td>Latino<\/td><\/tr><tr><td>135.<\/td><td>Latino mix<\/td><td>Latino<\/td><\/tr><tr><td>136.<\/td><td>Mislila si bit \u0107e lako<\/td><td>Latino<\/td><\/tr><tr><td>137.<\/td><td>Ako vara\u0161<\/td><td>Leo<\/td><\/tr><tr><td>138.<\/td><td>Hej ljubavi stara<\/td><td>Leo<\/td><\/tr><tr><td>139.<\/td><td>Na\u0161a ljubav od svega je ja\u010da<\/td><td>Leo<\/td><\/tr><tr><td>140.<\/td><td>\u0160to su me usne lagale tvoje<\/td><td>Leo<\/td><\/tr><tr><td>141.<\/td><td>Laku no\u0107 \u017eelim ti draga<\/td><td>Lepi Cajti<\/td><\/tr><tr><td>142.<\/td><td>Nemoj gitaro<\/td><td>Lepi Cajti<\/td><\/tr><tr><td>143.<\/td><td>Hajde cigane<\/td><td>Lete\u0107i odred<\/td><\/tr><tr><td>144.<\/td><td>\u017dao mi je<\/td><td>Lete\u0107i odred<\/td><\/tr><tr><td>145.<\/td><td>Ponekad po\u017eelim<\/td><td>Luka Ni\u017eeti\u0107<\/td><\/tr><tr><td>146.<\/td><td>Kad bi bio blizu<\/td><td>Magazin<\/td><\/tr><tr><td>147.<\/td><td>Kemija<\/td><td>Magazin<\/td><\/tr><tr><td>148.<\/td><td>Miri\u0161u li na\u0161e ru\u017ee<\/td><td>Mahir Palo\u0161<\/td><\/tr><tr><td>149.<\/td><td>17 ti je godina<\/td><td>Maja \u0160uput<\/td><\/tr><tr><td>150.<\/td><td>Svatovska<\/td><td>Maja \u0160uput<\/td><\/tr><tr><td>151.<\/td><td>Stranac u no\u0107i<\/td><td>Massimo &amp; Nina Badri\u0107<\/td><\/tr><tr><td>152.<\/td><td>Arivederci singorina<\/td><td>Mateo<\/td><\/tr><tr><td>153.<\/td><td>Majko stara<\/td><td>Matko Jelavi\u0107<\/td><\/tr><tr><td>154.<\/td><td>Jorgovanai<\/td><td>Merlin<\/td><\/tr><tr><td>155.<\/td><td>Mjese\u010dina<\/td><td>Merlin<\/td><\/tr><tr><td>156.<\/td><td>Golubice bijela<\/td><td>Miroslav \u0160koro<\/td><\/tr><tr><td>157.<\/td><td>Milo moje<\/td><td>Miroslav \u0160koro<\/td><\/tr><tr><td>158.<\/td><td>Svetinja<\/td><td>Miroslav \u0160koro<\/td><\/tr><tr><td>159.<\/td><td>Ako me ostavi\u0161<\/td><td>Mi\u0161o Kova\u010d<\/td><\/tr><tr><td>160.<\/td><td>Dalmacija u mom oku<\/td><td>Mi\u0161o Kova\u010d<\/td><\/tr><tr><td>161.<\/td><td>Drugi joj raspli\u0107e kosu<\/td><td>Mi\u0161o Kova\u010d<\/td><\/tr><tr><td>162.<\/td><td>Idi sad<\/td><td>Mi\u0161o Kova\u010d<\/td><\/tr><tr><td>163.<\/td><td>Ja kad pjevam suze teku<\/td><td>Mi\u0161o Kova\u010d<\/td><\/tr><tr><td>164.<\/td><td>Ja nemam vi\u0161e razloga da \u017eivim<\/td><td>Mi\u0161o Kova\u010d<\/td><\/tr><tr><td>165.<\/td><td>Jo\u0161 i danas teku suze jedne \u017eene<\/td><td>Mi\u0161o Kova\u010d<\/td><\/tr><tr><td>166.<\/td><td>Kako te\u0161ko ja zbog tebe patim<\/td><td>Mi\u0161o Kova\u010d<\/td><\/tr><tr><td>167.<\/td><td>Ka\u017ei mi ka\u017ei<\/td><td>Mi\u0161o Kova\u010d<\/td><\/tr><tr><td>168.<\/td><td>Nebu pu\u0161tam bijelu&nbsp;<\/td><td>Mi\u0161o Kova\u010d<\/td><\/tr><tr><td>169.<\/td><td>Odavno vi\u0161e ne pla\u010dem zbog tebe<\/td><td>Mi\u0161o Kova\u010d<\/td><\/tr><tr><td>170.<\/td><td>Odvest \u0107u te na vjen\u010danje<\/td><td>Mi\u0161o Kova\u010d<\/td><\/tr><tr><td>171.<\/td><td>Pitaj me<\/td><td>Mi\u0161o Kova\u010d<\/td><\/tr><tr><td>172.<\/td><td>Proplakat \u0107e zora<\/td><td>Mi\u0161o Kova\u010d<\/td><\/tr><tr><td>173.<\/td><td>Slu\u0161aj majko moju pjesmu<\/td><td>Mi\u0161o Kova\u010d<\/td><\/tr><tr><td>174.<\/td><td>Znali su svi<\/td><td>Mi\u0161o Kova\u010d<\/td><\/tr><tr><td>175.<\/td><td>Evo mene moji ljudi<\/td><td>Mladen Grdovi\u0107<\/td><\/tr><tr><td>176.<\/td><td>Ispod starih borova<\/td><td>Mladen Grdovi\u0107<\/td><\/tr><tr><td>177.<\/td><td>Ministar<\/td><td>Mladen Grdovi\u0107<\/td><\/tr><tr><td>178.<\/td><td>Sedam dana sedam no\u0107i<\/td><td>Mladen Grdovi\u0107<\/td><\/tr><tr><td>179.<\/td><td>Siromah sam<\/td><td>Mladen Hitrec<\/td><\/tr><tr><td>180.<\/td><td>Ne vjeruj vinu stari moj<\/td><td>Mladen Kos<\/td><\/tr><tr><td>181.<\/td><td>Crne kose crne puti<\/td><td>Mladen Kvesi\u0107<\/td><\/tr><tr><td>182.<\/td><td>Ivona<\/td><td>Neno Belan<\/td><\/tr><tr><td>183.<\/td><td>Takvi kao ti<\/td><td>Nina Badri\u0107<\/td><\/tr><tr><td>184.<\/td><td>Bili smo djeca mi<\/td><td>Novi Fosili<\/td><\/tr><tr><td>185.<\/td><td>Da te ne volim<\/td><td>Novi Fosili<\/td><\/tr><tr><td>186.<\/td><td>E moj Sa\u0161a<\/td><td>Novi Fosili<\/td><\/tr><tr><td>187.<\/td><td>Ja sam za ples<\/td><td>Novi Fosili<\/td><\/tr><tr><td>188.<\/td><td>Ko\u0161ulja plava<\/td><td>Novi Fosili<\/td><\/tr><tr><td>189.<\/td><td>Milena<\/td><td>Novi Fosili<\/td><\/tr><tr><td>190.<\/td><td>\u0160uti moj dje\u010da\u0107e plavi<\/td><td>Novi Fosili<\/td><\/tr><tr><td>191.<\/td><td>Za dobra stara vremena<\/td><td>Novi Fosili<\/td><\/tr><tr><td>192.<\/td><td>Cesarica<\/td><td>Oliver<\/td><\/tr><tr><td>193.<\/td><td>Malinkonija<\/td><td>Oliver<\/td><\/tr><tr><td>194.<\/td><td>Mix oliver<\/td><td>Oliver<\/td><\/tr><tr><td>195.<\/td><td>Moj lipi an\u0111ele<\/td><td>Oliver<\/td><\/tr><tr><td>196.<\/td><td>Prid tvojim vratima<\/td><td>Oliver<\/td><\/tr><tr><td>197.<\/td><td>Serenada<\/td><td>Oliver<\/td><\/tr><tr><td>198.<\/td><td>Skalinada<\/td><td>Oliver<\/td><\/tr><tr><td>199.<\/td><td>Vjeruj u ljubav<\/td><td>Oliver<\/td><\/tr><tr><td>200.<\/td><td>\u017duto li\u0161\u0107e ljubavi<\/td><td>Oliver<\/td><\/tr><tr><td>201.<\/td><td>Ovih dana<\/td><td>Petar Dragojevi\u0107<\/td><\/tr><tr><td>202.<\/td><td>Umirem za tobom<\/td><td>Pop exspres<\/td><\/tr><tr><td>203.<\/td><td>Bisernicom dirnut \u0107u ti du\u0161u<\/td><td>Prva liga<\/td><\/tr><tr><td>204.<\/td><td>Da sam tebe sreo raanije<\/td><td>Prva liga<\/td><\/tr><tr><td>205.<\/td><td>Dar<\/td><td>Prva liga<\/td><\/tr><tr><td>206.<\/td><td>Godine ne brojim<\/td><td>Prva liga<\/td><\/tr><tr><td>207.<\/td><td>Jedan \u017eivot malo je<\/td><td>Prva liga<\/td><\/tr><tr><td>208.<\/td><td>Lijek za du\u0161u<\/td><td>Prva liga<\/td><\/tr><tr><td>209.<\/td><td>Melem<\/td><td>Prva liga<\/td><\/tr><tr><td>210.<\/td><td>Srce moje<\/td><td>Prva liga<\/td><\/tr><tr><td>211.<\/td><td>Krivi spoj<\/td><td>Severina<\/td><\/tr><tr><td>212.<\/td><td>Prijateljice<\/td><td>Severina<\/td><\/tr><tr><td>213.<\/td><td>Tvoja prva djevojka<\/td><td>Severina<\/td><\/tr><tr><td>214.<\/td><td>100 Amerika<\/td><td>Stavros<\/td><\/tr><tr><td>215.<\/td><td>Kad se prijatelji rastaju<\/td><td>Stavros<\/td><\/tr><tr><td>216.<\/td><td>Umoran sam<\/td><td>Stavros<\/td><\/tr><tr><td>217.<\/td><td>\u017deno idi iz \u017eivota mog<\/td><td>Stavros<\/td><\/tr><tr><td>218.<\/td><td>Grkinja<\/td><td>Thompson<\/td><\/tr><tr><td>219.<\/td><td>Iza devet sela<\/td><td>Thompson<\/td><\/tr><tr><td>220.<\/td><td>Lijepa li si<\/td><td>Thompson<\/td><\/tr><tr><td>221.<\/td><td>Moj Ivane<\/td><td>Thompson<\/td><\/tr><tr><td>222.<\/td><td>Prijatelji<\/td><td>Thompson<\/td><\/tr><tr><td>223.<\/td><td>Sude mi<\/td><td>Thompson<\/td><\/tr><tr><td>224.<\/td><td>Opium<\/td><td>Tihomir Ko\u017eina<\/td><\/tr><tr><td>225.<\/td><td>Najljep\u0161a si<\/td><td>Tomislav Iv\u010di\u0107<\/td><\/tr><tr><td>226.<\/td><td>Silvija<\/td><td>Tomislav Iv\u010di\u0107<\/td><\/tr><tr><td>227.<\/td><td>Voljena vrati se&nbsp;<\/td><td>Tomislav Iv\u010di\u0107<\/td><\/tr><tr><td>228.<\/td><td>Blago onom tko te ljubi<\/td><td>Tony Cetinski<\/td><\/tr><tr><td>229.<\/td><td>Budi uz mene<\/td><td>Tony Cetinski<\/td><\/tr><tr><td>230.<\/td><td>Kad \u017eena zavoli<\/td><td>Tony Cetinski<\/td><\/tr><tr><td>231.<\/td><td>Rijeka ljubavi<\/td><td>Tony Cetinski<\/td><\/tr><tr><td>232.<\/td><td>Sve je s tobom napokon na mjestu<\/td><td>Tony Cetinski<\/td><\/tr><tr><td>233.<\/td><td>Ti moja si desna ruka<\/td><td>Tony Cetinski<\/td><\/tr><tr><td>234.<\/td><td>Zvijezda<\/td><td>Tony Cetinski<\/td><\/tr><tr><td>235.<\/td><td>Igra bez granica<\/td><td>To\u0161e<\/td><\/tr><tr><td>236.<\/td><td>Ledena<\/td><td>To\u0161e<\/td><\/tr><tr><td>237.<\/td><td>Srce nije kamen<\/td><td>To\u0161e<\/td><\/tr><tr><td>238.<\/td><td>Ve\u017ei me za sebe<\/td><td>To\u0161e<\/td><\/tr><tr><td>239.<\/td><td>Lejla<\/td><td>Vajta<\/td><\/tr><tr><td>240.<\/td><td>Pao sam ispod \u0161anka<\/td><td>Vatrogasci<\/td><\/tr><tr><td>241.<\/td><td>Ako mora biti kraj<\/td><td>Veselica band<\/td><\/tr><tr><td>242.<\/td><td>Jo\u0161 uvijek volim te<\/td><td>Veselica band<\/td><\/tr><tr><td>243.<\/td><td>Neka me cijeli svijet zaboravi<\/td><td>Vlado Kalember<\/td><\/tr><tr><td>244.<\/td><td>O Ana<\/td><td>Vlado Kalember<\/td><\/tr><tr><td>245.<\/td><td>Nek sam pijan<\/td><td>Vuco<\/td><\/tr><tr><td>246.<\/td><td>Umirem polako ali sigurno<\/td><td>Vuco<\/td><\/tr><tr><td>247.<\/td><td>Neznaju ljudi<\/td><td>Zagorski Mu\u0161ketiri<\/td><\/tr><tr><td>248.<\/td><td>Ma\u0111arica<\/td><td>Zdravko \u010coli\u0107<\/td><\/tr><tr><td>249.<\/td><td>Ru\u017eo ru\u0161ka<\/td><td>Zdravko \u010coli\u0107<\/td><\/tr><tr><td>250.<\/td><td>Ako nas \u017eivot rastavi<\/td><td>Zdravko \u0160kender<\/td><\/tr><tr><td>251.<\/td><td>Kad u ruci \u010da\u0161a pukne<\/td><td>Zdravko \u0160kender<\/td><\/tr><tr><td>252.<\/td><td>Lola mix<\/td><td>Zdravko \u0160kender<\/td><\/tr><tr><td>253.<\/td><td>Lutam svijetom<\/td><td>Zdravko \u0160kender<\/td><\/tr><tr><td>254.<\/td><td>\u017dena kao ti<\/td><td>Zdravko \u0160kender<\/td><\/tr><tr><td>255.<\/td><td>Ako odem prijatelji<\/td><td>Zlatko Pejakovi\u0107<\/td><\/tr><tr><td>256.<\/td><td>\u010cerge<\/td><td>Zlatko Pejakovi\u0107<\/td><\/tr><tr><td>257.<\/td><td>Evo ti moje ruke<\/td><td>Zlatko Pejakovi\u0107<\/td><\/tr><tr><td>258.<\/td><td>Kad pro\u0111e sve<\/td><td>Zlatko Pejakovi\u0107<\/td><\/tr><tr><td>259.<\/td><td>Misli svako da je meni lako<\/td><td>Zlatko Pejakovi\u0107<\/td><\/tr><tr><td>260.<\/td><td>Ne pla\u010di du\u0161o<\/td><td>Zlatko Pejakovi\u0107<\/td><\/tr><tr><td>261.<\/td><td>Ne\u0107emo no\u0107as doma<\/td><td>Zlatko Pejakovi\u0107<\/td><\/tr><tr><td>262.<\/td><td>Ne\u0107u<\/td><td>Zlatko Pejakovi\u0107<\/td><\/tr><tr><td>263.<\/td><td>Nisam te zaboravio<\/td><td>Zlatko Pejakovi\u0107<\/td><\/tr><tr><td>264.<\/td><td>Odgovori, odgovori<\/td><td>Zlatko Pejakovi\u0107<\/td><\/tr><tr><td>265.<\/td><td>Tko si ti<\/td><td>Zlatko Pejakovi\u0107<\/td><\/tr><tr><td>266.<\/td><td>\u017divio bi kao kralj<\/td><td>Zlatko Pejakovi\u0107<\/td><\/tr><tr><td>267.<\/td><td>Laku no\u0107 svira\u0107i<\/td><td>\u017deljko Bebek<\/td><\/tr><tr><td>268.<\/td><td>Miruj srce ti<\/td><td>\u017deljko Bebek<\/td><\/tr><tr><td>269.<\/td><td>Amor<\/td><td>Ivica \u0160erfezi<\/td><\/tr><tr><td>270.<\/td><td>Dovi\u0111enja i ne pla\u0107i<\/td><td>\u0110o Mara\u010di\u0107 Maki<\/td><\/tr><tr><td>271.<\/td><td>Ljubi ili ostavi<\/td><td><\/td><\/tr><tr><td>272.<\/td><td>Ljudi<\/td><td>Borno<\/td><\/tr><tr><td>273.<\/td><td>Na kantunu ku\u0107a stoji<\/td><td>Milo Hrni\u0107<\/td><\/tr><tr><td>274.<\/td><td>Neka se ugase svjetla<\/td><td><\/td><\/tr><tr><td>275.<\/td><td>O ludo srce moje<\/td><td>Mirko Cetinski<\/td><\/tr><tr><td>276.<\/td><td>Plovi mala barka<\/td><td><\/td><\/tr><tr><td>277.<\/td><td>Sad kada do\u0161la si<\/td><td><\/td><\/tr><tr><td>278.<\/td><td>Sada je \u010das da ti ka\u017eem<\/td><td><\/td><\/tr><tr><td>279.<\/td><td>Samo an\u0111eli znaju<\/td><td><\/td><\/tr><tr><td>280.<\/td><td>Truje\u0161 mi srce<\/td><td><\/td><\/tr><tr><td>281.<\/td><td>Tu\u017eno pla\u0107em ku\u0107u ostavljam<\/td><td><\/td><\/tr><tr><td>282.<\/td><td>Zdravo muzi\u010dari<\/td><td><\/td><\/tr><\/tbody><\/table><\/figure>\n","protected":false},"excerpt":{"rendered":"<p>1. Ako te pitaju Petar Gra\u0161o 2. Moje zlato Petar Gra\u0161o 3. Voli me Petar Gra\u0161o 4. Volim i postojim Petar Gra\u0161o 5. Dunavom \u017deljko Bebek 6. 100 sam dana pio \u017deljko Bebek 7. Ja po kafanama \u017deljko Bebek 8. Idu dani, lete godine \u017deljko Bebek 9. Ono ne\u0161to na\u0161e \u017deljko Bebek 10. Jo\u0161 fali\u0161 &hellip; <\/p>\n<p class=\"link-more\"><a href=\"https:\/\/www.luna.com.hr\/?page_id=1259\" class=\"more-link\">Continue reading<span class=\"screen-reader-text\"> &#8220;Zabavne&#8221;<\/span><\/a><\/p>\n","protected":false},"author":2,"featured_media":0,"parent":0,"menu_order":0,"comment_status":"closed","ping_status":"closed","template":"","meta":{"_regular_price":[],"currency_symbol":[],"_monsterinsights_skip_tracking":false,"_monsterinsights_sitenote_active":false,"_monsterinsights_sitenote_note":"","_monsterinsights_sitenote_category":0,"footnotes":""},"class_list":["post-1259","page","type-page","status-publish","hentry"],"featured_image_src":null,"aioseo_notices":[],"post_slider_layout_featured_media_urls":{"thumbnail":"","post_slider_layout_landscape_large":"","post_slider_layout_portrait_large":"","post_slider_layout_square_large":"","post_slider_layout_landscape":"","post_slider_layout_portrait":"","post_slider_layout_square":"","full":""},"_links":{"self":[{"href":"https:\/\/www.luna.com.hr\/index.php?rest_route=\/wp\/v2\/pages\/1259","targetHints":{"allow":["GET"]}}],"collection":[{"href":"https:\/\/www.luna.com.hr\/index.php?rest_route=\/wp\/v2\/pages"}],"about":[{"href":"https:\/\/www.luna.com.hr\/index.php?rest_route=\/wp\/v2\/types\/page"}],"author":[{"embeddable":true,"href":"https:\/\/www.luna.com.hr\/index.php?rest_route=\/wp\/v2\/users\/2"}],"replies":[{"embeddable":true,"href":"https:\/\/www.luna.com.hr\/index.php?rest_route=%2Fwp%2Fv2%2Fcomments&post=1259"}],"version-history":[{"count":3,"href":"https:\/\/www.luna.com.hr\/index.php?rest_route=\/wp\/v2\/pages\/1259\/revisions"}],"predecessor-version":[{"id":1286,"href":"https:\/\/www.luna.com.hr\/index.php?rest_route=\/wp\/v2\/pages\/1259\/revisions\/1286"}],"wp:attachment":[{"href":"https:\/\/www.luna.com.hr\/index.php?rest_route=%2Fwp%2Fv2%2Fmedia&parent=1259"}],"curies":[{"name":"wp","href":"https:\/\/api.w.org\/{rel}","templated":true}]}}