{"id":1033,"date":"2023-10-16T08:07:20","date_gmt":"2023-10-16T06:07:20","guid":{"rendered":"https:\/\/www.luna.com.hr\/?page_id=1033"},"modified":"2024-10-09T12:51:09","modified_gmt":"2024-10-09T10:51:09","slug":"page","status":"publish","type":"page","link":"https:\/\/www.luna.com.hr\/?page_id=1033","title":{"rendered":"O nama"},"content":{"rendered":"<p>Luna bend dolazi iz srca hrvatskog zagorja &#8211; Sveti Kri\u017e Za\u010dretje.<\/p>\n<p>Djeluje pune 24. godine i iza sebe ima odsvirano nebrojno svadbi, ga\u017ea, evenata i ostalih fe\u0161ti.<\/p>\n<p>Bend se sastoji od 54 \u010dlanova u klasi\u010dnoj postavi koji sviraju klavijature, bubnjeve, gitaru, bas gitaru i \u017eenski vokal.<\/p>\n","protected":false},"excerpt":{"rendered":"<p>Luna bend dolazi iz srca hrvatskog zagorja &#8211; Sveti Kri\u017e Za\u010dretje. Djeluje pune 24. godine i iza sebe ima odsvirano nebrojno svadbi, ga\u017ea, evenata i ostalih fe\u0161ti. Bend se sastoji od 54 \u010dlanova u klasi\u010dnoj postavi koji sviraju klavijature, bubnjeve, gitaru, bas gitaru i \u017eenski vokal.<\/p>\n","protected":false},"author":1,"featured_media":0,"parent":0,"menu_order":0,"comment_status":"closed","ping_status":"closed","template":"","meta":{"_regular_price":[],"currency_symbol":[],"_monsterinsights_skip_tracking":false,"_monsterinsights_sitenote_active":false,"_monsterinsights_sitenote_note":"","_monsterinsights_sitenote_category":0,"footnotes":""},"class_list":["post-1033","page","type-page","status-publish","hentry"],"featured_image_src":null,"aioseo_notices":[],"post_slider_layout_featured_media_urls":{"thumbnail":"","post_slider_layout_landscape_large":"","post_slider_layout_portrait_large":"","post_slider_layout_square_large":"","post_slider_layout_landscape":"","post_slider_layout_portrait":"","post_slider_layout_square":"","full":""},"_links":{"self":[{"href":"https:\/\/www.luna.com.hr\/index.php?rest_route=\/wp\/v2\/pages\/1033","targetHints":{"allow":["GET"]}}],"collection":[{"href":"https:\/\/www.luna.com.hr\/index.php?rest_route=\/wp\/v2\/pages"}],"about":[{"href":"https:\/\/www.luna.com.hr\/index.php?rest_route=\/wp\/v2\/types\/page"}],"author":[{"embeddable":true,"href":"https:\/\/www.luna.com.hr\/index.php?rest_route=\/wp\/v2\/users\/1"}],"replies":[{"embeddable":true,"href":"https:\/\/www.luna.com.hr\/index.php?rest_route=%2Fwp%2Fv2%2Fcomments&post=1033"}],"version-history":[{"count":3,"href":"https:\/\/www.luna.com.hr\/index.php?rest_route=\/wp\/v2\/pages\/1033\/revisions"}],"predecessor-version":[{"id":1568,"href":"https:\/\/www.luna.com.hr\/index.php?rest_route=\/wp\/v2\/pages\/1033\/revisions\/1568"}],"wp:attachment":[{"href":"https:\/\/www.luna.com.hr\/index.php?rest_route=%2Fwp%2Fv2%2Fmedia&parent=1033"}],"curies":[{"name":"wp","href":"https:\/\/api.w.org\/{rel}","templated":true}]}}